{"id":1814,"date":"2017-10-30T14:31:02","date_gmt":"2017-10-30T14:31:02","guid":{"rendered":"http:\/\/conquete.eaubleue.org\/?page_id=1814"},"modified":"2020-10-15T22:25:41","modified_gmt":"2020-10-15T22:25:41","slug":"informations-pratiques","status":"publish","type":"page","link":"https:\/\/conquete.eaubleue.org\/?page_id=1814","title":{"rendered":"INFORMATIONS PRATIQUES"},"content":{"rendered":"<p style=\"padding-left: 90px;\"><strong>NOUS SUIVRE SUR<\/strong><\/p>\n<p><a href=\"https:\/\/www.facebook.com\/RAconquete\">&nbsp;&nbsp;&nbsp;&nbsp;&nbsp;&nbsp;&nbsp;&nbsp;&nbsp;&nbsp;&nbsp;&nbsp;&nbsp;&nbsp;&nbsp;&nbsp;&nbsp; <\/a><a href=\"https:\/\/www.facebook.com\/RAconquete\" target=\"_blank\" rel=\"noopener noreferrer\"><img loading=\"lazy\" class=\"alignnone wp-image-1858\" src=\"https:\/\/conquete.eaubleue.org\/wp-content\/uploads\/facebook.jpg\" alt=\"\" width=\"30\" height=\"30\"><\/a><\/p>\n<p style=\"padding-left: 90px;\"><strong>NOUS \u00c9CRIRE<\/strong><\/p>\n<p style=\"padding-left: 90px;\">conquete.eaubleue@gmail.com<\/p>\n<p>&nbsp;<\/p>\n<p style=\"padding-left: 90px;\"><strong>COMMANDER LE LIVRE<\/strong><\/p>\n<p style=\"padding-left: 90px;\"><a href=\"http:\/\/www.adira.net\/\" target=\"_blank\" rel=\"noopener noreferrer\">ADIRA, association pour la diffusion de <em>La R\u00e9v\u00e9lation d&rsquo;Ar\u00e8s<\/em><\/a><\/p>\n<p>&nbsp;<\/p>\n<p style=\"padding-left: 90px;\"><strong>NOUS RENCONTRER<\/strong><\/p>\n<p style=\"padding-left: 90px;\"><strong>\u00c0 Paris<br \/>\n<\/strong><span style=\"font-family: Arial, Helvetica, sans-serif; font-size: 10pt;\"><strong>L&rsquo;Eau Bleue<\/strong>, 32 rue Raymond Losserand 75014 Paris &#8211;&nbsp;M\u00b0 Pernety \/ Bus 58 &#8211; 28 &#8211; 91<br \/>\nOuverte du lundi au samedi de 14h00 \u00e0 19h00.<br \/>\n01 43 22 34 40<br \/>\n<\/span><\/p>\n<p style=\"padding-left: 90px;\"><strong>\u00c0 Bordeaux<br \/>\n<\/strong><span style=\"font-size: 10pt;\"><strong>L&rsquo;Eau Forte, <\/strong>5 rue Montbazon, 33000 Bordeaux<strong><br \/>\n<\/strong><\/span><span style=\"font-size: 10pt;\">Ouverte du mardi au samedi de 15h00 \u00e0 18h30.<\/span><br \/>\n<span style=\"font-size: 10pt;\"><i class=\"icon-phone\"><\/i> 05 56 44 78 67<\/span><br \/>\n<i class=\"icon-envelope-alt\"><\/i> <a href=\"mailto:eauforte@hotmail.fr\"><span style=\"font-size: 10pt;\">eauforte@hotmail.fr<\/span><\/a><\/p>\n<p>&nbsp;<\/p>\n<p style=\"padding-left: 90px;\"><strong>LIENS INTERNET<\/strong><\/p>\n<p style=\"padding-left: 90px;\"><span style=\"font-size: 10pt;\"><a href=\"http:\/\/michelpotay.info\/\" target=\"_blank\" rel=\"noopener noreferrer\">http:\/\/michelpotay.info\/<br \/>\n<\/a><\/span><span style=\"color: #000000; font-size: 10pt;\"><a style=\"color: #000000;\" href=\"http:\/\/michelpotay.info\/\" target=\"_blank\" rel=\"noopener noreferrer\">Site g\u00e9n\u00e9raliste de Michel Potay, Fr\u00e8re Michel, t\u00e9moin de La R\u00e9v\u00e9lation d\u2019Ar\u00e8s<\/a><\/span><\/p>\n<p style=\"padding-left: 90px;\"><span style=\"font-size: 10pt;\"><a href=\"http:\/\/michelpotayblog.net\/\" target=\"_blank\" rel=\"noopener noreferrer\">http:\/\/michelpotayblog.net\/<br \/>\n<span style=\"color: #000000;\">Blog de Michel Potay<\/span><\/a><\/span><\/p>\n<p style=\"padding-left: 90px;\"><span style=\"font-size: 10pt;\"><a href=\"http:\/\/www.revelation-ares.info\/\" target=\"_blank\" rel=\"noopener noreferrer\">http:\/\/www.revelation-ares.info\/<br \/>\n<span style=\"color: #000000;\">Site g\u00e9n\u00e9raliste d\u2019information sur les P\u00e8lerin d\u2019Ar\u00e8s, La R\u00e9v\u00e9lation d\u2019Ar\u00e8s et le P\u00e8lerinage d\u2019Ar\u00e8s<\/span><\/a><\/span><\/p>\n<p style=\"padding-left: 90px;\"><span style=\"font-size: 10pt;\"><a href=\"http:\/\/michelpotay.info\/RevelationdAres2009-menu.html\" target=\"_blank\" rel=\"noopener noreferrer\">http:\/\/michelpotay\/Revelationd\u2019Ar\u00e8s2009<\/a><\/span><br \/>\n<span style=\"font-size: 10pt;\">\u00ab&nbsp;La R\u00e9v\u00e9lation d\u2019Ar\u00e8s&nbsp;\u00bb, corpus de textes, en ligne<\/span><\/p>\n<p style=\"padding-left: 90px;\"><span style=\"font-size: 10pt;\"><a href=\"http:\/\/revelation-ares.paris\/\" target=\"_blank\" rel=\"noopener noreferrer\">http:\/\/revelation-ares.paris\/<br \/>\n<\/a><\/span><span style=\"font-size: 10pt;\">Site g\u00e9n\u00e9raliste de l&rsquo;Eau Bleue, Paris<\/span><\/p>\n<p style=\"padding-left: 90px;\"><span style=\"font-size: 10pt;\"><a href=\"http:\/\/www.eauforte.org\/\" target=\"_blank\" rel=\"noopener noreferrer\">http:\/\/www.eauforte.org\/<\/a><\/span><br \/>\n<span style=\"font-size: 10pt;\">Site g\u00e9n\u00e9raliste de l&rsquo;Eau Forte, Bordeaux<\/span><\/p>\n<p style=\"padding-left: 90px;\"><span style=\"font-size: 10pt;\"><a href=\"http:\/\/www.lestorrentsdesalpes.fr\/?menu=1\" target=\"_blank\" rel=\"noopener noreferrer\">http:\/\/www.lestorrentsdesalpes.fr\/<br \/>\n<span style=\"color: #000000;\">Site g\u00e9n\u00e9raliste du&nbsp;groupe&nbsp;de&nbsp;Gap&nbsp;et&nbsp;des&nbsp;Hautes&nbsp;Alpes<\/span><\/a><\/span><\/p>\n<p style=\"padding-left: 90px;\">&nbsp;<\/p>\n","protected":false},"excerpt":{"rendered":"<p>NOUS SUIVRE SUR &nbsp;&nbsp;&nbsp;&nbsp;&nbsp;&nbsp;&nbsp;&nbsp;&nbsp;&nbsp;&nbsp;&nbsp;&nbsp;&nbsp;&nbsp;&nbsp;&nbsp; NOUS \u00c9CRIRE conquete.eaubleue@gmail.com &nbsp; COMMANDER LE LIVRE ADIRA, association pour la diffusion de La R\u00e9v\u00e9lation d&rsquo;Ar\u00e8s &nbsp; NOUS RENCONTRER \u00c0 Paris L&rsquo;Eau Bleue, 32 rue Raymond Losserand 75014 Paris &#8211;&nbsp;M\u00b0 Pernety \/ Bus 58 &#8211; 28 &#8211; 91 Ouverte du lundi au samedi de 14h00 \u00e0 19h00. 01 43 22 34 &hellip; <\/p>\n<p><a class=\"more-link block-button\" href=\"https:\/\/conquete.eaubleue.org\/?page_id=1814\">Continuer \u00e0 lire\u00a0\u00bb<\/a><\/p>\n","protected":false},"author":1,"featured_media":0,"parent":0,"menu_order":0,"comment_status":"closed","ping_status":"closed","template":"template-onecolumn.php","meta":[],"_links":{"self":[{"href":"https:\/\/conquete.eaubleue.org\/index.php?rest_route=\/wp\/v2\/pages\/1814"}],"collection":[{"href":"https:\/\/conquete.eaubleue.org\/index.php?rest_route=\/wp\/v2\/pages"}],"about":[{"href":"https:\/\/conquete.eaubleue.org\/index.php?rest_route=\/wp\/v2\/types\/page"}],"author":[{"embeddable":true,"href":"https:\/\/conquete.eaubleue.org\/index.php?rest_route=\/wp\/v2\/users\/1"}],"replies":[{"embeddable":true,"href":"https:\/\/conquete.eaubleue.org\/index.php?rest_route=%2Fwp%2Fv2%2Fcomments&post=1814"}],"version-history":[{"count":35,"href":"https:\/\/conquete.eaubleue.org\/index.php?rest_route=\/wp\/v2\/pages\/1814\/revisions"}],"predecessor-version":[{"id":2730,"href":"https:\/\/conquete.eaubleue.org\/index.php?rest_route=\/wp\/v2\/pages\/1814\/revisions\/2730"}],"wp:attachment":[{"href":"https:\/\/conquete.eaubleue.org\/index.php?rest_route=%2Fwp%2Fv2%2Fmedia&parent=1814"}],"curies":[{"name":"wp","href":"https:\/\/api.w.org\/{rel}","templated":true}]}}