{"id":21,"date":"2017-08-18T13:46:17","date_gmt":"2017-08-18T13:46:17","guid":{"rendered":"http:\/\/conquete.eaubleue.org\/?page_id=21"},"modified":"2019-03-15T17:18:58","modified_gmt":"2019-03-15T17:18:58","slug":"accueil","status":"publish","type":"page","link":"https:\/\/conquete.eaubleue.org\/","title":{"rendered":"Bienvenue"},"content":{"rendered":"<div id=\"iwb4wtoa\" class=\"txtNew\" style=\"padding-left: 30px;\" data-reactid=\".0.$SITE_ROOT.$desktop_siteRoot.$PAGES_CONTAINER.$centeredContent.$inlineContent.$SITE_PAGES.$c20oo_DESKTOP.$inlineContent.$ifgf6lpb.$inlineContent.$ikzk3nm1.$inlineContent.$iwb4wtoa\">\n<div data-reactid=\".0.$SITE_ROOT.$desktop_siteRoot.$PAGES_CONTAINER.$centeredContent.$inlineContent.$SITE_PAGES.$c20oo_DESKTOP.$inlineContent.$ifgf6lpb.$inlineContent.$ikzk3nm1.$inlineContent.$iwb4wtoa\">\n<p data-reactid=\".0.$SITE_ROOT.$desktop_siteRoot.$PAGES_CONTAINER.$centeredContent.$inlineContent.$SITE_PAGES.$c20oo_DESKTOP.$inlineContent.$ifgf6lpb.$inlineContent.$ikzk3nm1.$inlineContent.$iwb4wtoa\"><span style=\"color: #ff6600; font-family: Arial Black, Avant Garde; font-size: 24pt;\"><strong><span class=\"color_25\">Pas la religion, la <em>Vie<\/em>.<\/span><\/strong><\/span><\/p>\n<p data-reactid=\".0.$SITE_ROOT.$desktop_siteRoot.$PAGES_CONTAINER.$centeredContent.$inlineContent.$SITE_PAGES.$c20oo_DESKTOP.$inlineContent.$ifgf6lpb.$inlineContent.$ikzk3nm1.$inlineContent.$iwb4wtoa\"><span style=\"color: #333333; font-family: Arial Black, Avant Garde;\"><strong>L&rsquo;amour du prochain a malheureusement presque partout disparu.<\/strong><\/span><\/p>\n<p data-reactid=\".0.$SITE_ROOT.$desktop_siteRoot.$PAGES_CONTAINER.$centeredContent.$inlineContent.$SITE_PAGES.$c20oo_DESKTOP.$inlineContent.$ifgf6lpb.$inlineContent.$ikzk3nm1.$inlineContent.$iwb4wtoa\"><span style=\"color: #ff6600; font-family: Arial Black, Avant Garde;\">Et pourtant, l&rsquo;amour est une de ces forces \u00e9normes dont l&rsquo;homme est capable.<\/span><\/p>\n<p><span class=\"color_15\"><strong>Le monde chang\u00e9, libre et heureux viendra du changement de l&rsquo;individu par lui-m\u00eame, en activant le Bien au fond de lui.<\/strong><\/span><\/p>\n<p><span class=\"color_15\">Le pire menace notre humanit\u00e9 <\/span><span class=\"color_15\">:\u00a0la perte totale de toute\u00a0<em>Vie<\/em> spirituelle qui est une vie faite d\u2019<em>amour<\/em>, de\u00a0<em>pardon<\/em>, de\u00a0<em>paix<\/em>, de\u00a0libert\u00e9\u00a0et d\u2019<em>intelligence <\/em>spirituelles ! <\/span><span class=\"color_15\">Imaginez un monde sans\u00a0<em>\u00e2me<\/em>, un monde sans\u00a0<em>bont\u00e9<\/em>\u00a0!<\/span><\/p>\n<\/div>\n<\/div>\n<div id=\"iwb4wtoa\" class=\"txtNew\" style=\"padding-left: 30px;\" data-reactid=\".0.$SITE_ROOT.$desktop_siteRoot.$PAGES_CONTAINER.$centeredContent.$inlineContent.$SITE_PAGES.$c20oo_DESKTOP.$inlineContent.$ifgf6lpb.$inlineContent.$ikzk3nm1.$inlineContent.$iwb4wtoa\">\n<h4 style=\"padding-left: 30px;\" data-reactid=\".0.$SITE_ROOT.$desktop_siteRoot.$PAGES_CONTAINER.$centeredContent.$inlineContent.$SITE_PAGES.$c20oo_DESKTOP.$inlineContent.$ifgf6lpb.$inlineContent.$ikzk3nm1.$inlineContent.$iwb4wtoa\"><span style=\"color: #ff6600;\"><strong><!-- MetaSlider -->\n<div style=\"width: 100%;\" class=\"metaslider metaslider-nivo metaslider-2234 ml-slider\">\n    \n    <div id=\"metaslider_container_2234\">\n        <div class='slider-wrapper theme-light'>\n            <div class='ribbon'><\/div>\n            <div id='metaslider_2234' class='nivoSlider'>\n                <img src=\"https:\/\/conquete.eaubleue.org\/wp-content\/uploads\/conquete-revelation-ares-michel_potay06.jpg\" height=\"189\" width=\"680\" alt=\"\" class=\"slider-2234 slide-2251\" \/>\n                <img src=\"https:\/\/conquete.eaubleue.org\/wp-content\/uploads\/conquete-revelation-ares-michel_potay03.jpg\" height=\"189\" width=\"680\" alt=\"\" class=\"slider-2234 slide-2254\" \/>\n                <img src=\"https:\/\/conquete.eaubleue.org\/wp-content\/uploads\/conquete-revelation-ares-michel_potay02.jpg\" height=\"189\" width=\"680\" alt=\"\" class=\"slider-2234 slide-2255\" \/>\n                <img src=\"https:\/\/conquete.eaubleue.org\/wp-content\/uploads\/conquete-revelation-ares-michel_potay01.jpg\" height=\"189\" width=\"680\" alt=\"\" class=\"slider-2234 slide-2256\" \/>\n                <img src=\"https:\/\/conquete.eaubleue.org\/wp-content\/uploads\/conquete-revelation-ares-michel_potay05a.jpg\" height=\"189\" width=\"680\" alt=\"\" class=\"slider-2234 slide-2267\" \/>\n                <img src=\"https:\/\/conquete.eaubleue.org\/wp-content\/uploads\/conquete-revelation-ares-michel_potay04a.jpg\" height=\"189\" width=\"680\" alt=\"\" class=\"slider-2234 slide-2268\" \/>\n            <\/div>\n        <\/div>\n        \n    <\/div>\n<\/div>\n<!--\/\/ MetaSlider--><\/strong><\/span><\/h4>\n<p class=\"font_7\" style=\"padding-left: 60px;\"><span style=\"color: #ff6600; font-family: Arial, Helvetica, sans-serif; font-size: 12pt;\"><span class=\"color_5\"><span class=\"color_15\">\u00a0<\/span><\/span><\/span><\/p>\n<p><strong><span class=\"color_25\">La R\u00e9v\u00e9lation d&rsquo;Ar\u00e8s <\/span><\/strong>est un\u00a0message spirituel lib\u00e9rateur venu du Ciel, adress\u00e9 \u00e0 toute l\u2019humanit\u00e9 en 1974 et en 1977 \u00e0 Ar\u00e8s (Gironde).<\/p>\n<p><span class=\"color_25\">Avec<\/span><span class=\"color_25\"><strong> La R\u00e9v\u00e9lation d&rsquo;Ar\u00e8s<\/strong>, <\/span><span class=\"color_25\">pas de nouvelle religion, ni dogmes, ni credos mais la<\/span><strong><span class=\"color_25\"> Vie spirituelle <em>libre <\/em><\/span><\/strong><span class=\"color_25\">que tout homme, croyant ou incroyant, retrouve en lui, par\u00a0le Bien qu&rsquo;il pratique.<\/span><span class=\"color_25\"> Elle\u00a0ne dit pas \u00ab\u00a0croyez\u00a0\u00bb mais \u00ab\u00a0soyez bon\u00a0\u00bb<em>.<\/em><\/span><\/p>\n<p><span class=\"color_25\"><strong>Avec ce message du Ciel, on r\u00e9apprend le sens de beaucoup de mots <\/strong>dans une dimension tout \u00e0 fait nouvelle, vivante,\u00a0dynamique, empreinte d&rsquo;amour, mais non d&rsquo;autorit\u00e9 religieuse ou de juridisme. <strong>C&rsquo;est le sens de ces mots que\u00a0Conqu\u00eate fait conna\u00eetre.<\/strong><\/span><\/p>\n<p><span class=\"color_25\">Chaque\u00a0sujet\u00a0d\u00e9velopp\u00e9 ram\u00e8ne\u00a0l\u2019homme \u00e0 reprendre possession de lui-m\u00eame et\u00a0\u00e0 y d\u00e9couvrir\u00a0les profondeurs de\u00a0sa vie int\u00e9rieure, spirituelle, sublime, pour laquelle il\u00a0a \u00e9t\u00e9\u00a0cr\u00e9\u00e9.<\/span><\/p>\n<p><strong><span style=\"font-family: Arial Black, Avant Garde;\"><em>La R\u00e9v\u00e9lation d\u2019Ar\u00e8s<\/em> est un superbe id\u00e9al vers le Bonheur rappel\u00e9 \u00e0 un monde qui n\u2019a plus d\u2019id\u00e9al !<\/span> <\/strong><\/p>\n<p>C&rsquo;est vous, lecteur, qui, en devenant Bon, lib\u00e9rez le monde de la politique et de la religion. Les P\u00e8lerins d&rsquo;Ar\u00e8s ont commenc\u00e9 ce travail. Rejoignez-nous pour r\u00e9tablir le bonheur sur terre, c&rsquo;est-\u00e0-dire un monde o\u00f9 chacun vit comme il l&rsquo;entend et croit en ce qu&rsquo;il veut.<\/p>\n<p><strong>Qu&rsquo;importe la soci\u00e9t\u00e9 o\u00f9 nous vivons, pourvu que l&rsquo;Amour y r\u00e8gne et lib\u00e8re l&rsquo;homme des lois humaines.<\/strong><\/p>\n<p><strong>Avec nous, fondez votre vie sur un profond changement int\u00e9rieur &#8211; la <em>p\u00e9nitence<\/em>\u00a0&#8211; <\/strong>qui\u00a0est l&rsquo;unique vrai bond en avant d&rsquo;un <strong>renouveau social,<\/strong> hors de la politique et de la religion.<\/p>\n<\/div>\n<p style=\"padding-left: 30px;\"><span style=\"color: #000000; font-family: Arial, Helvetica, sans-serif; font-size: 12pt;\"><strong>\u00a0<\/strong><\/span><\/p>\n<div id=\"iwb4i9a2\" class=\"txtNew\" style=\"padding-left: 30px;\" data-reactid=\".0.$SITE_ROOT.$desktop_siteRoot.$PAGES_CONTAINER.$centeredContent.$inlineContent.$SITE_PAGES.$c20oo_DESKTOP.$inlineContent.$ifgf6lpb.$inlineContent.$ikzk3nm1.$inlineContent.$iwb4i9a2\"><span style=\"font-family: Arial, Helvetica, sans-serif;\">\u00a0<\/span><\/div>\n<div style=\"padding-left: 30px;\" data-reactid=\".0.$SITE_ROOT.$desktop_siteRoot.$PAGES_CONTAINER.$centeredContent.$inlineContent.$SITE_PAGES.$c20oo_DESKTOP.$inlineContent.$ifgf6lpb.$inlineContent.$ikzk3nm1.$inlineContent.$iwb4i9a2\"><span style=\"font-family: Arial, Helvetica, sans-serif;\">\u00a0<\/span><\/div>\n<div style=\"padding-left: 30px;\" data-reactid=\".0.$SITE_ROOT.$desktop_siteRoot.$PAGES_CONTAINER.$centeredContent.$inlineContent.$SITE_PAGES.$c20oo_DESKTOP.$inlineContent.$ifgf6lpb.$inlineContent.$ikzk3nm1.$inlineContent.$iwb4i9a2\"><span style=\"font-family: Arial, Helvetica, sans-serif;\">\u00a0<\/span><\/div>\n\n\n<h2><\/h2>\n","protected":false},"excerpt":{"rendered":"<p>Pas la religion, la Vie. L&rsquo;amour du prochain a malheureusement presque partout disparu. Et pourtant, l&rsquo;amour est une de ces forces \u00e9normes dont l&rsquo;homme est capable. Le monde chang\u00e9, libre et heureux viendra du changement de l&rsquo;individu par lui-m\u00eame, en activant le Bien au fond de lui. Le pire menace notre humanit\u00e9 :\u00a0la perte totale &hellip; <\/p>\n<p><a class=\"more-link block-button\" href=\"https:\/\/conquete.eaubleue.org\/\">Continuer \u00e0 lire\u00a0\u00bb<\/a><\/p>\n","protected":false},"author":1,"featured_media":0,"parent":0,"menu_order":0,"comment_status":"closed","ping_status":"closed","template":"template-twocolumnsleft.php","meta":[],"_links":{"self":[{"href":"https:\/\/conquete.eaubleue.org\/index.php?rest_route=\/wp\/v2\/pages\/21"}],"collection":[{"href":"https:\/\/conquete.eaubleue.org\/index.php?rest_route=\/wp\/v2\/pages"}],"about":[{"href":"https:\/\/conquete.eaubleue.org\/index.php?rest_route=\/wp\/v2\/types\/page"}],"author":[{"embeddable":true,"href":"https:\/\/conquete.eaubleue.org\/index.php?rest_route=\/wp\/v2\/users\/1"}],"replies":[{"embeddable":true,"href":"https:\/\/conquete.eaubleue.org\/index.php?rest_route=%2Fwp%2Fv2%2Fcomments&post=21"}],"version-history":[{"count":311,"href":"https:\/\/conquete.eaubleue.org\/index.php?rest_route=\/wp\/v2\/pages\/21\/revisions"}],"predecessor-version":[{"id":2738,"href":"https:\/\/conquete.eaubleue.org\/index.php?rest_route=\/wp\/v2\/pages\/21\/revisions\/2738"}],"wp:attachment":[{"href":"https:\/\/conquete.eaubleue.org\/index.php?rest_route=%2Fwp%2Fv2%2Fmedia&parent=21"}],"curies":[{"name":"wp","href":"https:\/\/api.w.org\/{rel}","templated":true}]}}