{"id":33,"date":"2017-08-18T13:59:32","date_gmt":"2017-08-18T13:59:32","guid":{"rendered":"http:\/\/conquete.eaubleue.org\/?page_id=33"},"modified":"2018-01-30T19:01:09","modified_gmt":"2018-01-30T19:01:09","slug":"lexique","status":"publish","type":"page","link":"https:\/\/conquete.eaubleue.org\/?page_id=33","title":{"rendered":"LEXIQUE"},"content":{"rendered":"<p class=\"font_4\"><span class=\"color_25\">Avec\u00a0<em>La R\u00e9v\u00e9lation d&rsquo;Ar\u00e8s<\/em>\u00a0on r\u00e9apprend le sens de beaucoup de mots\u00a0dans des sens tout \u00e0 fait nouveaux, vivants, dynamiques, empreints d&rsquo;amour, mais non d&rsquo;autorit\u00e9 religieuse ou de juridisme.\u00a0<strong>Ce\u00a0lexique, en cours de construction, va s&rsquo;enrichir de nouveaux mots tout au long de ces prochains mois.<\/strong>\u00a0Les d\u00e9finitions\u00a0sont tir\u00e9es des\u00a0annotations de\u00a0<em>La R\u00e9v\u00e9lation d&rsquo;Ar\u00e8s<\/em>,\u00a0\u00e9dition 2009, \u00e9crites par <em>Michel Potay<\/em>.<\/span><\/p>\n<p>&nbsp;<\/p>\n<h2 class=\"font_4\" style=\"padding-left: 60px;\"><strong><span class=\"color_25\">A<\/span><\/strong><\/h2>\n<p style=\"padding-left: 60px;\"><span style=\"color: #00ccff;\"><a href=\"http:\/\/conquete.eaubleue.org\/?p=824\" target=\"_blank\" rel=\"noopener\">Adam<\/a><\/span><\/p>\n<p style=\"padding-left: 60px;\"><span class=\"color_25\" style=\"color: #3366ff;\"><a href=\"http:\/\/conquete.eaubleue.org\/?page_id=354\" target=\"_blank\" rel=\"noopener\">\u00c2me<\/a>\u00a0<\/span><\/p>\n<h2 class=\"font_4\" style=\"padding-left: 60px;\"><strong>B<\/strong><\/h2>\n<p style=\"padding-left: 60px;\"><a href=\"http:\/\/conquete.eaubleue.org\/?p=921\" target=\"_blank\" rel=\"noopener\">Bapt\u00eame<\/a><\/p>\n<h2 style=\"padding-left: 60px;\"><strong>C<\/strong><\/h2>\n<p style=\"padding-left: 60px;\"><span style=\"color: #3366ff;\"><a href=\"http:\/\/conquete.eaubleue.org\/?p=831\" target=\"_blank\" rel=\"noopener\">Christ<\/a><\/span><\/p>\n<h2 style=\"padding-left: 60px;\"><strong>D<\/strong><\/h2>\n<h2 style=\"padding-left: 60px;\"><strong>E<\/strong><\/h2>\n<h2 style=\"padding-left: 60px;\"><strong>F<\/strong><\/h2>\n<h2 style=\"padding-left: 60px;\"><strong>G<\/strong><\/h2>\n<h2 style=\"padding-left: 60px;\"><strong>H<\/strong><\/h2>\n<h2 style=\"padding-left: 60px;\"><strong>I<\/strong><\/h2>\n<h2 style=\"padding-left: 60px;\"><strong>J<\/strong><\/h2>\n<h2 style=\"padding-left: 60px;\"><strong>K<\/strong><\/h2>\n<h2 style=\"padding-left: 60px;\"><strong>L<\/strong><\/h2>\n<h2 style=\"padding-left: 60px;\"><strong>M<\/strong><\/h2>\n<h2 style=\"padding-left: 60px;\"><strong>N<\/strong><\/h2>\n<h2 style=\"padding-left: 60px;\"><strong>O<\/strong><\/h2>\n<h2 style=\"padding-left: 60px;\"><strong>P<\/strong><\/h2>\n<p style=\"padding-left: 60px;\"><a href=\"http:\/\/conquete.eaubleue.org\/?p=848\" target=\"_blank\" rel=\"noopener\">P\u00e9ch\u00e9<\/a><\/p>\n<p style=\"padding-left: 60px;\"><a href=\"http:\/\/conquete.eaubleue.org\/?p=2584\">P\u00e8lerin d&rsquo;Ar\u00e8s<\/a><\/p>\n<p style=\"padding-left: 60px;\"><a href=\"http:\/\/conquete.eaubleue.org\/?page_id=749\" target=\"_blank\" rel=\"noopener\">P\u00e9lerinage d&rsquo;Ar\u00e8s<\/a><\/p>\n<p style=\"padding-left: 60px;\"><a href=\"http:\/\/conquete.eaubleue.org\/?page_id=92\" target=\"_blank\" rel=\"noopener\">P\u00e9nitence \/ p\u00e9nitent<\/a><\/p>\n<p style=\"padding-left: 60px;\"><a href=\"http:\/\/conquete.eaubleue.org\/?page_id=620\" target=\"_blank\" rel=\"noopener\">Pri\u00e8re<\/a><\/p>\n<p style=\"padding-left: 60px;\"><a href=\"http:\/\/conquete.eaubleue.org\/?page_id=706\" target=\"_blank\" rel=\"noopener\">Pri\u00e8re du p\u00e9cheur<\/a><\/p>\n<h2 style=\"padding-left: 60px;\"><strong>Q<\/strong><\/h2>\n<h2 style=\"padding-left: 60px;\"><strong>R<\/strong><\/h2>\n<h2 style=\"padding-left: 60px;\"><strong>S<\/strong><\/h2>\n<p style=\"padding-left: 60px;\"><a href=\"http:\/\/conquete.eaubleue.org\/?page_id=367\" target=\"_blank\" rel=\"noopener\">Salut<\/a><\/p>\n<p style=\"padding-left: 60px;\"><a href=\"http:\/\/conquete.eaubleue.org\/?p=862\" target=\"_blank\" rel=\"noopener\">Spectre<\/a><\/p>\n<p style=\"padding-left: 60px;\"><a href=\"http:\/\/conquete.eaubleue.org\/?p=2590\">Superstition<\/a><\/p>\n<h2 style=\"padding-left: 60px;\"><strong>T<\/strong><\/h2>\n<h2 style=\"padding-left: 60px;\"><strong>U<\/strong><\/h2>\n<h2 style=\"padding-left: 60px;\"><strong>V<\/strong><\/h2>\n<p style=\"padding-left: 60px;\"><a href=\"http:\/\/conquete.eaubleue.org\/?p=868\" target=\"_blank\" rel=\"noopener\">Vie spirituelle<\/a><\/p>\n<h2 style=\"padding-left: 60px;\"><strong>W<\/strong><\/h2>\n<h2 style=\"padding-left: 60px;\"><strong>X<\/strong><\/h2>\n<h2 style=\"padding-left: 60px;\"><strong>Y<\/strong><\/h2>\n<h2 style=\"padding-left: 60px;\"><strong>Z<\/strong><\/h2>\n","protected":false},"excerpt":{"rendered":"<p>Avec\u00a0La R\u00e9v\u00e9lation d&rsquo;Ar\u00e8s\u00a0on r\u00e9apprend le sens de beaucoup de mots\u00a0dans des sens tout \u00e0 fait nouveaux, vivants, dynamiques, empreints d&rsquo;amour, mais non d&rsquo;autorit\u00e9 religieuse ou de juridisme.\u00a0Ce\u00a0lexique, en cours de construction, va s&rsquo;enrichir de nouveaux mots tout au long de ces prochains mois.\u00a0Les d\u00e9finitions\u00a0sont tir\u00e9es des\u00a0annotations de\u00a0La R\u00e9v\u00e9lation d&rsquo;Ar\u00e8s,\u00a0\u00e9dition 2009, \u00e9crites par Michel Potay. &nbsp; &hellip; <\/p>\n<p><a class=\"more-link block-button\" href=\"https:\/\/conquete.eaubleue.org\/?page_id=33\">Continuer \u00e0 lire\u00a0\u00bb<\/a><\/p>\n","protected":false},"author":1,"featured_media":0,"parent":0,"menu_order":0,"comment_status":"closed","ping_status":"closed","template":"template-twocolumnsright.php","meta":[],"_links":{"self":[{"href":"https:\/\/conquete.eaubleue.org\/index.php?rest_route=\/wp\/v2\/pages\/33"}],"collection":[{"href":"https:\/\/conquete.eaubleue.org\/index.php?rest_route=\/wp\/v2\/pages"}],"about":[{"href":"https:\/\/conquete.eaubleue.org\/index.php?rest_route=\/wp\/v2\/types\/page"}],"author":[{"embeddable":true,"href":"https:\/\/conquete.eaubleue.org\/index.php?rest_route=\/wp\/v2\/users\/1"}],"replies":[{"embeddable":true,"href":"https:\/\/conquete.eaubleue.org\/index.php?rest_route=%2Fwp%2Fv2%2Fcomments&post=33"}],"version-history":[{"count":40,"href":"https:\/\/conquete.eaubleue.org\/index.php?rest_route=\/wp\/v2\/pages\/33\/revisions"}],"predecessor-version":[{"id":2596,"href":"https:\/\/conquete.eaubleue.org\/index.php?rest_route=\/wp\/v2\/pages\/33\/revisions\/2596"}],"wp:attachment":[{"href":"https:\/\/conquete.eaubleue.org\/index.php?rest_route=%2Fwp%2Fv2%2Fmedia&parent=33"}],"curies":[{"name":"wp","href":"https:\/\/api.w.org\/{rel}","templated":true}]}}