{"id":354,"date":"2017-09-07T11:10:22","date_gmt":"2017-09-07T11:10:22","guid":{"rendered":"http:\/\/conquete.eaubleue.org\/?page_id=354"},"modified":"2017-12-02T17:49:43","modified_gmt":"2017-12-02T17:49:43","slug":"ame","status":"publish","type":"page","link":"https:\/\/conquete.eaubleue.org\/?page_id=354","title":{"rendered":"L&rsquo;\u00e2me ou l&rsquo;ha"},"content":{"rendered":"<h4><span style=\"color: #333333;\"><img loading=\"lazy\" class=\"wp-image-138 alignleft\" src=\"http:\/\/conquete.eaubleue.org\/wp-content\/uploads\/2017\/08\/logo.png\" alt=\"\" width=\"29\" height=\"38\" \/><\/span><\/h4>\n<h3><img loading=\"lazy\" class=\"size-thumbnail wp-image-2279 alignright\" src=\"http:\/\/conquete.eaubleue.org\/wp-content\/uploads\/conquete-revelation-ares-michel_potay-ame-150x150.jpg\" alt=\"\" width=\"150\" height=\"150\" srcset=\"https:\/\/conquete.eaubleue.org\/wp-content\/uploads\/conquete-revelation-ares-michel_potay-ame-150x150.jpg 150w, https:\/\/conquete.eaubleue.org\/wp-content\/uploads\/conquete-revelation-ares-michel_potay-ame.jpg 197w\" sizes=\"(max-width: 150px) 100vw, 150px\" \/><\/h3>\n<h2 style=\"padding-left: 60px;\"><span style=\"color: #000000;\">Ce que dit <strong>La R\u00e9v\u00e9lation d&rsquo;Ar\u00e8s<\/strong><\/span><\/h2>\n<p style=\"padding-left: 60px;\"><span style=\"color: #3366ff;\"><strong><span class=\"color_29\">L&rsquo;homme na\u00eet\u00a0sans <em>\u00e2me<\/em>.<br \/>\n<\/span><\/strong><strong><span class=\"color_29\">Homme, ton<em>\u00a0\u00e2me<\/em>\u00a0(ou <em>ha<\/em>) est\u00a0le produit<br \/>\n<\/span><\/strong><\/span><span style=\"color: #3366ff;\"><strong><span class=\"color_29\">de tes actes bons,<br \/>\n<\/span><\/strong><strong><span class=\"color_29\">le produit de ta conscience et de ta vertu.<br \/>\n<\/span><\/strong><strong><span class=\"color_29\">Ton\u00a0<em>\u00e2me<\/em>, c&rsquo;est Ta\u00a0<em>bont\u00e9<\/em>.<br \/>\n<\/span><\/strong><strong><span class=\"color_29\">Elle est\u00a0le pont que tu cr\u00e9es, le pont existentiel entre toi, <em>bon<\/em>, et\u00a0ton Cr\u00e9ateur<\/span><\/strong><\/span><\/p>\n<p>&nbsp;<\/p>\n<p style=\"padding-left: 60px;\"><span style=\"color: #3366ff;\"><strong>La nature de l&rsquo;<em>\u00e2me<\/em> est existentielle. Elle na\u00eet du Bien accompli.<br \/>\n<\/strong><\/span><span style=\"color: #000000;\">L<em>&lsquo;\u00e2me<\/em> ne na\u00eet pas avec le b\u00e9b\u00e9. Elle na\u00eet beaucoup plus tard chez l&rsquo;homme bon qui pratique l&rsquo;<em>amour<\/em>, le <em>pardon<\/em>, la <em>paix<\/em>, se lib\u00e8re des pr\u00e9jug\u00e9s et agit avec l<em>&lsquo;intelligence<\/em> du coeur<em>.<\/em>\u00a0Elle est le produit existentiel d&rsquo;une action choisie, voulue, d\u00e9terminante pour son <em>salut<\/em> et le <em>salut<\/em> du monde. L&rsquo;apparition et l&rsquo;existence de l&rsquo;<em>\u00e2me<\/em> d\u00e9finissent l&rsquo;homme spirituel.\u00a0De ce fait,\u00a0un incroyant peut avoir une <em>\u00e2me<\/em> et un croyant ne pas en avoir une. D&rsquo;ailleurs, si tous les croyants sur terre avaient une <em>\u00e2me<\/em>, cela se saurait, le monde serait <em>chang\u00e9<\/em> !<\/span><\/p>\n<p style=\"padding-left: 60px;\"><span style=\"color: #3366ff;\"><strong>Se cr\u00e9er une <em>\u00e2me (<\/em>ou <em>ha)<\/em> n&rsquo;est pas forc\u00e9ment li\u00e9 \u00e0 la foi<em><br \/>\n<\/em><\/strong><\/span><span style=\"color: #333333;\"><strong>L&rsquo;homme cr\u00e9e son\u00a0<em>\u00e2me\u00a0(ou ha)<\/em> par ses actes bons et il la d\u00e9veloppe\u00a0avec le Bien qu&rsquo;il pratique<\/strong>\u00a0; l&rsquo;existence de l&rsquo;<em>\u00e2me<\/em>\u00a0n&rsquo;est pas forc\u00e9ment li\u00e9e \u00e0 la foi en Dieu. Elle\u00a0n&rsquo;a rien \u00e0 voir avec les sacrements, les dogmes\u00a0ou la foi. L&rsquo;<em>\u00e2me<\/em> est le produit du Bien accompli. D\u00e9j\u00e0, il y a 2000 ans, J\u00e9sus enseignait : \u00ab\u00a0Ce n&rsquo;est pas celui qui crie \u00ab\u00a0Seigneur\u00a0\u00bb qui fait la volont\u00e9 du P\u00e8re, mais celui qui accomplit le Bien.\u00a0\u00bb\u00a0Mais cela fut n\u00e9glig\u00e9 par les \u00e9glises qui ont consid\u00e9r\u00e9 les dogmes plus importants que les actes. <em>La R\u00e9v\u00e9lation d&rsquo;Ar\u00e8s<\/em>\u00a0inverse le dogme de l&rsquo;\u00e9glise, elle r\u00e9tablit la v\u00e9rit\u00e9\u00a0: les actes sont plus importants que la foi.<\/span><span style=\"color: #333333;\"><strong>\u00a0<\/strong><\/span><\/p>\n<p style=\"padding-left: 60px;\"><strong><span style=\"color: #3366ff;\">L&rsquo;<em>\u00e2me<\/em>\u00a0(ou l&rsquo;<em>ha<\/em>)\u00a0: le\u00a0<em>vrai corps <\/em>dit <em>La R\u00e9v\u00e9lation d&rsquo;Ar\u00e8s<\/em><br \/>\n<\/span><\/strong><span style=\"color: #333333;\"><strong>Le corps physique c&rsquo;est l&rsquo;animalit\u00e9 et l&rsquo;<em>\u00e2me<\/em>\u00a0est\u00a0le<em> vrai corps<\/em><\/strong>, <strong>de nature spirituelle, infinie,<\/strong>\u00a0aussi l\u00e9ger qu&rsquo;<em>une fum\u00e9e pure,\u00a0qui ne na\u00eet pas du ventre de la m\u00e8re mais de la vie de l&rsquo;homme <\/em>(devenant bon) dit <em>La R\u00e9v\u00e9lation d&rsquo;Ar\u00e8s (17\/3).<\/em><strong><em><br \/>\n<\/em><\/strong>C&rsquo;est l&rsquo;<em>\u00e2me<\/em> ou l&rsquo;<em>ha<\/em> qui \u00e9l\u00e8ve\u00a0l&rsquo;homme <em>bon,<\/em>\u00a0le <em>p\u00e9nitent,<\/em>\u00a0vers les <em>Hauteurs Saintes<\/em>.<\/span><\/p>\n<p style=\"padding-left: 60px;\"><span style=\"color: #333333;\"><span style=\"color: #3366ff;\"><strong>L&rsquo;<em>\u00e2me<\/em>\u00a0: le <em>vaisseau<\/em> qui emporte l&rsquo;homme <em>bon<\/em> dans l&rsquo;Autre Vie infinie<\/strong><\/span><br \/>\n<\/span><span style=\"color: #333333;\">L&rsquo;<em>\u00e2me<\/em>\u00a0de tout homme\u00a0<em>bon<\/em>, croyant ou non,\u00a0est le\u00a0<em>vaisseau<\/em>\u00a0qui l&#8217;emporte au dessus des ab\u00eemes (<em>t\u00e9n\u00e8bres<\/em>) de la mort.\u00a0<\/span>L&rsquo;homme na\u00eet sans <em>\u00e2me<\/em> et,\u00a0quand il meurt,\u00a0il part avec l&rsquo;<em>\u00e2me<\/em> qu&rsquo;il s&rsquo;est cr\u00e9\u00e9e durant sa vie terrestre s&rsquo;il a \u00e9t\u00e9 <em>bon<\/em>. Mais si l&rsquo;homme a \u00e9t\u00e9 mauvais de son vivant, il n\u2019a pas d\u2019<em>\u00e2me<\/em>, l&rsquo;esprit n\u2019a pas de force ascensionnelle, il reste un\u00a0<em>spectre<\/em>\u00a0lourd dans les basses couches de l\u2019au-del\u00e0 :<em>\u00a0les t\u00e9n\u00e8bres glac\u00e9es<\/em>.<br \/>\n<span style=\"color: #333333;\">Nous apprenons aussi avec <em>La R\u00e9v\u00e9lation d&rsquo;Ar\u00e8s<\/em> que l&rsquo;existence de l&rsquo;<em>\u00e2me<\/em> peut fluctuer. L&rsquo;<em>\u00e2me<\/em> que la femme ou l&rsquo;homme se cr\u00e9\u00e9e peut souffrir ou dispara\u00eetre selon le mal qu&rsquo;elle ou il fait \u00e0 nouveau de son vivant.<br \/>\n<\/span><\/p>\n<p class=\"font_8\" style=\"padding-left: 60px;\"><span style=\"color: #333333;\"><strong><span style=\"color: #3366ff;\">L&rsquo;<em>\u00e2me\u00a0(ou l&rsquo;ha) <\/em>: le pont qui relie le\u00a0<em>p\u00e9nitent<\/em> \u00e0 Dieu<br \/>\n<\/span><\/strong>Le Cr\u00e9ateur\u00a0a une qualit\u00e9 d\u2019<em>\u00c2me<\/em>\u00a0inimaginable et en d\u00e9veloppant son\u00a0<em>\u00e2me\u00a0(R\u00e9v d\u2019Ar\u00e8s 17\/4)<\/em>\u00a0par sa\u00a0<em>p\u00e9nitence\u00a0(bont\u00e9<\/em>),\u00a0le <em>p\u00e9nitent<\/em>, peu \u00e0 peu, retrouve l&rsquo;<em>image<\/em> du <em>P\u00e8re de l&rsquo;Univers<\/em>, il en discerne \u00ab\u00a0<em>Mes Merveilles\u00a0\u00bb (33\/8)<\/em>\u00a0dit Dieu, il s\u2019ouvre au r\u00e8gne de la\u00a0<em>Saintet\u00e9<\/em>\u00a0qu&rsquo;il atteindra en pl\u00e9nitude au <em>Jour<\/em> de la r\u00e9surrection<\/span><\/p>\n<p style=\"padding-left: 60px;\"><span style=\"color: #3366ff;\"><strong>Votre <em>\u00e2me<\/em>\u00a0\u00e9chappe \u00e0 la g\u00e9n\u00e9tique, elle vous est propre, elle est unique \u00e0 vous.<br \/>\nElle se construit comme un <em>beau vaisseau<\/em><\/strong><\/span><br \/>\n<strong>L\u2019<em>\u00e2me<\/em> que vous vous \u00eates cr\u00e9\u00e9e est le v\u00e9hicule de votre <em>salut<\/em>.\u00a0<\/strong> D\u00e9veloppez la toujours ; plus vous aurez d\u2019ambition pour le Bien, plus votre <em>\u00e2me<\/em> sera forte, plus vous aurez la <em>Vertu<\/em> (Dieu en soi).\u00a0Le processus de l\u2019<em>\u00e2me<\/em> est en fait si subtil que le langage humain, dont le P\u00e8re doit user pour \u00eatre compris, ne peut pas vraiment l\u2019expliquer.\u00a0C&rsquo;est pourquoi, Il\u00a0parle de cela par des paraboles, dans les veill\u00e9es 17 et 18 de <em>La R\u00e9v\u00e9lation d&rsquo;Ar\u00e8s<\/em>.<\/p>\n<p>&nbsp;<\/p>\n<hr \/>\n<hr \/>\n<h4><\/h4>\n<h3><strong><img loading=\"lazy\" class=\" wp-image-134 alignright\" src=\"http:\/\/conquete.eaubleue.org\/wp-content\/uploads\/2017\/08\/J\u00e9sus-08-RVB-150x150.jpg\" alt=\"\" width=\"117\" height=\"117\" \/><\/strong><\/h3>\n<h3><span style=\"color: #3366ff;\"><strong>En 1974, \u00e0\u00a0<\/strong><strong>Ar\u00e8s (Gironde) <\/strong><strong>J\u00e9sus prononce ces versets l<\/strong><strong>ors de ses 4e et 17e apparitions<\/strong><\/span><\/h3>\n<h5 style=\"padding-left: 90px;\"><span style=\"font-family: Arial, Helvetica, sans-serif;\">4\/4 Le p\u00e9ch\u00e9, tu M\u2019en rendras compte,<\/span><br \/>\n<span style=\"font-family: Arial, Helvetica, sans-serif;\"> mais de te d\u00e9rober \u00e0 Mon Appel aujourd\u2019hui<\/span><br \/>\n<span style=\"font-family: Arial, Helvetica, sans-serif;\"> tu t\u2019an\u00e9antiras,<\/span><br \/>\n<span style=\"font-family: Arial, Helvetica, sans-serif;\"> 5\/ car l\u2019\u00e2me peut \u00eatre souffrante, Je la gu\u00e9ris,<\/span><br \/>\n<span style=\"font-family: Arial, Helvetica, sans-serif;\"> mais elle peut aussi trouver sa fin sans retour.<\/span><br \/>\n<span style=\"font-family: Arial, Helvetica, sans-serif;\"> 6\/ L\u2019\u00e2me est le regard, la main, la gorge, l\u2019estomac du spectre ; par elle Je peux le r\u00e9chauffer de l\u2019\u00e9clat de Ma Gloire, Je peux le conduire vers les magnificences infinies, Je peux entendre sa louange et sa conversation, Je peux le nourrir \u00e0 jamais.<\/span><br \/>\n<span style=\"font-family: Arial, Helvetica, sans-serif;\"> 7\/ Sans l\u2019\u00e2me le spectre erre, tourment\u00e9, aveugle, affam\u00e9, par les galeries sombres creus\u00e9es par les vers et par les enfers glac\u00e9s, qui le font de givre ; alors il effraie les humains.<\/span><br \/>\n<span style=\"font-family: Arial, Helvetica, sans-serif;\"> 8\/ Ne tremble pas \u00e0 Ma Voix ;<\/span><br \/>\n<span style=\"font-family: Arial, Helvetica, sans-serif;\"> tremble d\u2019an\u00e9antir ton \u00e2me\u00a0!<\/span><\/h5>\n<h5 style=\"padding-left: 90px;\"><span style=\"font-family: Arial, Helvetica, sans-serif;\">17\/1 Tes dents claquent, homme Michel.<\/span><br \/>\n<span style=\"font-family: Arial, Helvetica, sans-serif;\"> L\u2019effroi a band\u00e9 tes nerfs,<\/span><br \/>\n<span style=\"font-family: Arial, Helvetica, sans-serif;\"> parce que, l\u2019instant d\u2019un regard, Je t\u2019ai montr\u00e9 le s\u00e9jour des spectres.<\/span><br \/>\n<span style=\"font-family: Arial, Helvetica, sans-serif;\"> 2\/ Mieux vaudrait pour eux d\u2019avoir pourri tout entiers en terre comme l\u2019aurochs abattu par les ans ;<\/span><br \/>\n<span style=\"font-family: Arial, Helvetica, sans-serif;\"> mais l\u2019homme n\u2019est pas un aurochs.<\/span><br \/>\n<span style=\"font-family: Arial, Helvetica, sans-serif;\"> De la b\u00eate Je lui ai donn\u00e9 la chair, les entrailles et les os pour \u00e9chafaudage<\/span><br \/>\n<span style=\"font-family: Arial, Helvetica, sans-serif;\"> 3\/ \u00e0 son vrai corps, aussi l\u00e9ger qu\u2019une fum\u00e9e pure,<\/span><br \/>\n<span style=\"font-family: Arial, Helvetica, sans-serif;\"> qui ne na\u00eet pas du ventre de la m\u00e8re mais de la vie de l\u2019homme d\u00e9j\u00e0 n\u00e9,<\/span><br \/>\n<span style=\"font-family: Arial, Helvetica, sans-serif;\"> qui s\u2019engendre lui-m\u00eame en une autre vie infinie,<\/span><br \/>\n<span style=\"font-family: Arial, Helvetica, sans-serif;\"> qu\u2019il b\u00e2tit comme un vaisseau\u00a0pour prendre le large.<\/span><br \/>\n<span style=\"font-family: Arial, Helvetica, sans-serif;\"> 4\/\u00a0Que l\u2019\u00e9chafaudage soit trop t\u00f4t sap\u00e9<\/span><br \/>\n<span style=\"font-family: Arial, Helvetica, sans-serif;\"> et l\u2019\u00e9ther du vaisseau inachev\u00e9 dispara\u00eet !<\/span><br \/>\n<span style=\"font-family: Arial, Helvetica, sans-serif;\"> Mais que l\u2019\u00e9chafaudage reste dress\u00e9 assez longtemps pour que l\u2019homme, charpentier \u00e0 l\u2019\u00e9coute du Ma\u00eetre,<\/span><br \/>\n<span style=\"font-family: Arial, Helvetica, sans-serif;\"> acqui\u00e8re adresse et go\u00fbt, fournisse l\u2019effort pour achever son \u0153uvre,<\/span><br \/>\n<span style=\"font-family: Arial, Helvetica, sans-serif;\"> le Roi lui gardera son \u00e2me pour voile, pour qu\u2019il rejoigne la Flotte C\u00e9leste,<\/span><br \/>\n<span style=\"font-family: Arial, Helvetica, sans-serif;\"> laissant ses os blanchis en attente sur le rivage.<\/span><\/h5>\n<p>&nbsp;<\/p>\n<blockquote style=\"padding-left: 60px;\"><p><strong><em>Michel Potay<\/em> dira ceci :<\/strong><\/p>\n<p>\u00abune nuit o\u00f9 j\u2019ai \u00e9t\u00e9 appel\u00e9, le sol s\u2019est ouvert sous moi. C\u2019\u00e9tait un lieu de n\u00e9ant, insaisissable pour nous,\u00a0un lieu de profond malheur. Je ne me souviens pas de la forme et couleur mais c\u2019est le v\u00e9cu moral malheureux de ces spectres que j\u2019ai v\u00e9cu\u00bb<\/p>\n<h4><\/h4>\n<\/blockquote>\n<div><\/div>\n<div><\/div>\n<div><\/div>\n<hr \/>\n<h3><span style=\"color: #3366ff;\"><strong>22 novembre 1977,<img loading=\"lazy\" class=\"size-thumbnail wp-image-144 alignright\" src=\"http:\/\/conquete.eaubleue.org\/wp-content\/uploads\/2017\/08\/MSP-blog-1-150x150.jpg\" alt=\"\" width=\"150\" height=\"150\" \/><\/strong><strong>\u00a0\u00e0 Ar\u00e8s<br \/>\nDe la Voix de Dieu sort ces mots durant la cinqui\u00e8me Th\u00e9ophanie <\/strong><\/span><\/h3>\n<h3 style=\"padding-left: 60px;\"><span style=\"color: #3366ff;\">Le Livre XXXiX\/4-11<\/span><\/h3>\n<h5 class=\"font_7\" style=\"padding-left: 60px;\"><span style=\"font-family: Arial, Helvetica, sans-serif;\">4\/ L\u2019os (est comme) le bois ; (du) bois pousse le bois\u00a0;<\/span><br \/>\n<span style=\"font-family: Arial, Helvetica, sans-serif;\"> devant l\u2019aube le bois, derri\u00e8re le soir (encore) le bois.<\/span><br \/>\n<span style=\"font-family: Arial, Helvetica, sans-serif;\"> 5\/ (Mais) l\u2019ha, l\u2019ha ne sort pas (du) nez ; (l\u2019ha n\u2019est) pas dans la bouche, pas dans la main ;<\/span><br \/>\n<span style=\"font-family: Arial, Helvetica, sans-serif;\"> 6\/ (de) la cuisse ne coule pas l\u2019ha dans la femme.<\/span><br \/>\n<span style=\"font-family: Arial, Helvetica, sans-serif;\"> 7\/ L\u2019ha (n\u2019est) pas dans le bruit.<\/span><br \/>\n<span style=\"font-family: Arial, Helvetica, sans-serif;\"> 8\/ (Comme) le lait caille, tu chauffes (en toi) le Fond, et (l\u2019ha) caille.<\/span><br \/>\n<span style=\"font-family: Arial, Helvetica, sans-serif;\"> 9\/ Tu chauffes (l\u2019ha), tu br\u00fbles l\u2019or ; ton front frappe la pierre, ici (o\u00f9 va) Mon Pas ;<\/span><br \/>\n<span style=\"font-family: Arial, Helvetica, sans-serif;\"> 10\/ (alors) l\u2019ha caille, (devient dur comme) la pierre, (et pourtant plus) l\u00e9ger (il n\u2019y a) rien.<\/span><br \/>\n<span style=\"font-family: Arial, Helvetica, sans-serif;\"> 11\/ Le sang (fait) le sang (comme)\u00a0la pluie (fait ) la pluie, (mais) l\u2019ha n\u2019est pas fils de l\u2019ha.<\/span><\/h5>\n<h5 class=\"font_8\" style=\"padding-left: 90px;\">ANNOTATIONS* : L\u2019homme qui pratique la\u00a0<em>p\u00e9nitence, qui\u00a0chauffe\u00a0en lui le Bien<\/em> fabrique son\u00a0<em>\u00e2me<\/em>. Il faut donner plus de prix \u00e0 la vie spirituelle, qu\u2019aux biens terrestres<em> (l\u2019or), <\/em>vivre selon\u00a0le <em>Sermon sur la Montagne.\u00a0<\/em><br \/>\nCe qui donne \u00e0 l\u2019humain l<em>\u2019image<\/em> divine, la perp\u00e9tuit\u00e9, c\u2019est\u00a0l\u2019<em>ha,<\/em> l\u2019<em>\u00e2me<\/em>,\u00a0<em>qui ne na\u00eet pas du ventre de la m\u00e8re<\/em> (17\/3),\u00a0mais que produit le Bien que pratique l\u2019homme,\u00a0\u00e0 partir de cette <em>Vie o\u00f9\u00a0plus l\u00e9ger il n\u2019y a rien, l\u2019ha caille, devient dur.<\/em><\/h5>\n<h4 style=\"padding-left: 60px;\">*Les annotations sont tir\u00e9es de l&rsquo;Edition 2009 de <em>La R\u00e9v\u00e9lation d&rsquo;Ar\u00e8s<\/em><\/h4>\n<p>&nbsp;<\/p>\n<hr \/>\n<hr \/>\n<h3><span style=\"color: #3366ff;\"><b>En r\u00e9sum\u00e9<\/b><\/span><\/h3>\n<p style=\"padding-left: 60px;\"><strong>Voici un texte tir\u00e9 des annotations de l\u2019\u00e9dition Bilingue de <em>La R\u00e9v\u00e9lation d\u2019Ar\u00e8s<\/em><\/strong>, p.271 (30\/13)<\/p>\n<p style=\"padding-left: 60px;\">La Bible et le Coran ne disent pas grand-chose de l\u2019origine, de la nature, de la fonction et des vicissitudes de l\u2019<em>\u00e2me<\/em>\u00a0; il y a sans doute tr\u00e8s longtemps que les textes relatifs \u00e0 l\u2019<em>\u00e2me<\/em>\u00a0ont disparu de ces livres. L<em>\u2019\u00e2me<\/em>\u00a0est tout \u00e0 la fois le produit et la force ascensionnelle de l\u2019homme qui s\u2019\u00e9l\u00e8ve au-dessus du mal ; quand il est mort c\u2019est par l\u2019<em>\u00e2me<\/em>\u00a0que cet homme s\u2019\u00e9l\u00e8ve au-dessus des\u00a0<em>t\u00e9n\u00e8bres<\/em>. Donc, pendant la vie terrestre l\u2019<em>\u00e2me<\/em>\u00a0est \u00e0 la fois effet et cause : elle na\u00eet de l\u2019existentialisme spirituel, ou volont\u00e9 d\u2019\u00eatre vertueux, de tout homme; une fois n\u00e9e, l\u2019<em>\u00e2me<\/em>\u00a0stimule et fortifie l\u2019existentialisme spirituel dont elle est n\u00e9e; cet existentialisme devient ainsi plus dynamique. L\u2019enfant <em>sort\u00a0du ventre de la m\u00e8re<\/em> (v. 3) avec la\u00a0chair\u00a0et\u00a0l\u2019esprit\u00a0seulement &#8211; si l\u2019enfant, tant qu\u2019il est de nature ang\u00e9lique, n\u2019a pas d\u2019<em>\u00e2me<\/em>, c\u2019est parce qu\u2019il n\u2019en a pas besoin -. L\u2019<em>\u00e2me<\/em>\u00a0est une construction ou cr\u00e9ation de\u00a0<em>l\u2019homme d\u00e9j\u00e0 n\u00e9<\/em>, c.-\u00e0-d. qui a fait un certain apprentissage de la vie &#8211; d\u2018o\u00f9 l\u2019image du\u00a0charpentier\u00a0-, l\u2019homme qui a choisi le bien et qui combat le mal, l\u2019homme capable de\u00a0<em>p\u00e9nitence<\/em>, d\u2019ascension\u00a0et donc de vie spirituelle, laquelle n\u2019implique pas forc\u00e9ment la foi, mais implique un comportement digne du\u00a0Dessein\u00a0de Dieu\u00a0(28\/11-12, XXXI\/19).\u00a0L\u2019<em>\u00e2me<\/em>\u00a0peut <em>dispara\u00eetre\u00a0(4\/8)<\/em>\u00a0et \u00eatre reconstruite ; les chutes et les restaurations d\u2019une\u00a0<em>\u00e2me<\/em>\u00a0peuvent se produire plusieurs fois au cours d\u2019une vie spirituellement in\u00e9gale. Il y a donc un risque de mourir sans\u00a0<em>\u00e2me<\/em>.\u00a0L\u2019<em>\u00e2me<\/em>\u00a0na\u00eet ou rena\u00eet de la volont\u00e9 active de revenir dans la\u00a0<em>Maison Royale<\/em>\u00a0(21\/ 3), de revenir \u00e0 l\u2019\u00e9tat d\u2019analogie divine par\u00a0fusion\u00a0dans la puret\u00e9 cr\u00e9atrice\u00a0(2\/12-14).\u00a0<em>Mettre ses pas dans les Pas de Dieu<\/em> (2\/12, 32\/3)\u00a0signifie, en fait, faire son\u00a0<em>\u00e2me<\/em>, dont le\u00a0<em>salut\u00a0<\/em>d\u00e9coule. Comme d\u00e9j\u00e0 dit, l\u2019<em>\u00e2me<\/em>\u00a0peut\u00a0na\u00eetre\u00a0chez des hommes de bien incroyants\u00a0(28\/11-12, XXXI\/19), restaurateurs d\u2019\u00c9den et vertueux sans le savoir. Une fois la\u00a0chair\u00a0morte,\u00a0l\u2019esprit, s\u2019il n\u2019a pas d\u2019<em>\u00e2me<\/em>, n\u2019a pas de force ascensionnelle, il reste un\u00a0<em>spectre<\/em>\u00a0lourd dans les basses couches de l\u2019au-del\u00e0:<em>\u00a0les t\u00e9n\u00e8bres glac\u00e9es<\/em>.<\/p>\n","protected":false},"excerpt":{"rendered":"<p>Ce que dit La R\u00e9v\u00e9lation d&rsquo;Ar\u00e8s L&rsquo;homme na\u00eet\u00a0sans \u00e2me. Homme, ton\u00a0\u00e2me\u00a0(ou ha) est\u00a0le produit de tes actes bons, le produit de ta conscience et de ta vertu. Ton\u00a0\u00e2me, c&rsquo;est Ta\u00a0bont\u00e9. Elle est\u00a0le pont que tu cr\u00e9es, le pont existentiel entre toi, bon, et\u00a0ton Cr\u00e9ateur &nbsp; La nature de l&rsquo;\u00e2me est existentielle. Elle na\u00eet du Bien &hellip; <\/p>\n<p><a class=\"more-link block-button\" href=\"https:\/\/conquete.eaubleue.org\/?page_id=354\">Continuer \u00e0 lire\u00a0\u00bb<\/a><\/p>\n","protected":false},"author":1,"featured_media":2279,"parent":31,"menu_order":3,"comment_status":"closed","ping_status":"closed","template":"template-twocolumnsleft.php","meta":[],"_links":{"self":[{"href":"https:\/\/conquete.eaubleue.org\/index.php?rest_route=\/wp\/v2\/pages\/354"}],"collection":[{"href":"https:\/\/conquete.eaubleue.org\/index.php?rest_route=\/wp\/v2\/pages"}],"about":[{"href":"https:\/\/conquete.eaubleue.org\/index.php?rest_route=\/wp\/v2\/types\/page"}],"author":[{"embeddable":true,"href":"https:\/\/conquete.eaubleue.org\/index.php?rest_route=\/wp\/v2\/users\/1"}],"replies":[{"embeddable":true,"href":"https:\/\/conquete.eaubleue.org\/index.php?rest_route=%2Fwp%2Fv2%2Fcomments&post=354"}],"version-history":[{"count":109,"href":"https:\/\/conquete.eaubleue.org\/index.php?rest_route=\/wp\/v2\/pages\/354\/revisions"}],"predecessor-version":[{"id":1080,"href":"https:\/\/conquete.eaubleue.org\/index.php?rest_route=\/wp\/v2\/pages\/354\/revisions\/1080"}],"up":[{"embeddable":true,"href":"https:\/\/conquete.eaubleue.org\/index.php?rest_route=\/wp\/v2\/pages\/31"}],"wp:featuredmedia":[{"embeddable":true,"href":"https:\/\/conquete.eaubleue.org\/index.php?rest_route=\/wp\/v2\/media\/2279"}],"wp:attachment":[{"href":"https:\/\/conquete.eaubleue.org\/index.php?rest_route=%2Fwp%2Fv2%2Fmedia&parent=354"}],"curies":[{"name":"wp","href":"https:\/\/api.w.org\/{rel}","templated":true}]}}