{"id":749,"date":"2017-07-18T08:57:11","date_gmt":"2017-07-18T08:57:11","guid":{"rendered":"http:\/\/conquete.eaubleue.org\/?page_id=749"},"modified":"2017-12-02T17:56:51","modified_gmt":"2017-12-02T17:56:51","slug":"le-pelerinage-dares","status":"publish","type":"page","link":"https:\/\/conquete.eaubleue.org\/?page_id=749","title":{"rendered":"Le P\u00e8lerinage d&rsquo;Ar\u00e8s"},"content":{"rendered":"<p><a href=\"http:\/\/michelpotayblog.net\/186.html\/186LePelerinage-comments-french.html\" target=\"_blank\" rel=\"noopener\">Cette page est une copie de l&rsquo;entr\u00e9e \u00ab\u00a0Le P\u00e8lerinage\u00a0\u00bb du blog du t\u00e9moin des Ev\u00e8nements <\/a><a href=\"http:\/\/michelpotayblog.net\/186.html\/186LePelerinage-comments-french.html\" target=\"_blank\" rel=\"noopener\"><em><img loading=\"lazy\" class=\"wp-image-125 alignright\" src=\"http:\/\/conquete.eaubleue.org\/wp-content\/uploads\/2017\/08\/en-tete_blog-300x52.jpg\" alt=\"\" width=\"202\" height=\"35\" srcset=\"https:\/\/conquete.eaubleue.org\/wp-content\/uploads\/2017\/08\/en-tete_blog-300x52.jpg 300w, https:\/\/conquete.eaubleue.org\/wp-content\/uploads\/2017\/08\/en-tete_blog-768x132.jpg 768w, https:\/\/conquete.eaubleue.org\/wp-content\/uploads\/2017\/08\/en-tete_blog.jpg 948w\" sizes=\"(max-width: 202px) 100vw, 202px\" \/><br \/>\n<\/em><\/a><a href=\"http:\/\/michelpotayblog.net\/186.html\/186LePelerinage-comments-french.html\" target=\"_blank\" rel=\"noopener\">d&rsquo;Ar\u00e8s, <em>Michel Potay \/<\/em>\u00a0michelpotayblog.net<\/a><\/p>\n<p><a href=\"http:\/\/michelpotayblog.net\/186.html\/186LePelerinage-comments-french.html\" target=\"_blank\" rel=\"noopener\"><em>\u00a0<\/em><\/a><\/p>\n<p style=\"text-align: left; padding-left: 60px;\"><em>La R\u00e9v\u00e9lation d&rsquo;Ar\u00e8s,\u00a0<\/em>Parole du Cr\u00e9ateur, n\u2019a ni Dieu ni la religion pour propos.<br \/>\nSon propos est\u00a0<i>l\u2019homme du temps qui vient (30\/13),<\/i>\u00a0la\u00a0<i>p\u00e9nitence (16\/17)<\/i>\u00a0et la\u00a0<i>Vie (24\/3-4).<\/i><br \/>\nQue la Parole f\u00fbt donn\u00e9e par Isa\u00efe vers 760 av. JC.,<br \/>\nou par J\u00e9sus en l\u2019an 30 en Galil\u00e9e (Palestine) ou en 1974 \u00e0 Ar\u00e8s (France),<br \/>\nou\u00a0 par Muhammad en l\u2019an 700 en Arabie,<br \/>\nou\u00a0 par la Lumi\u00e8re de Dieu en 1977 \u00e0 Ar\u00e8s (France),<br \/>\ndeux humains ne la comprennent jamais de la m\u00eame fa\u00e7on.<em><br \/>\n<\/em>C&rsquo;est pourquoi le Cr\u00e9ateur fait du P\u00e8lerinage d&rsquo;Ar\u00e8s un temps de d\u00e9passement,<br \/>\nd\u2019oubli des diff\u00e9rences, de repli sur le\u00a0<em>Fond des Fonds (xxxiv\/6)\u00a0<\/em>ou sur l&rsquo;essentiel, d&rsquo;amour,<br \/>\nun\u00a0<em>Lieu<\/em>\u00a0o\u00f9 les diverses fa\u00e7ons de comprendre et de prier disparaissent sous la<em>\u00a0Vie.<\/em><\/p>\n<p>&nbsp;<\/p>\n<p style=\"padding-left: 60px;\"><img loading=\"lazy\" class=\"alignright wp-image-146\" src=\"http:\/\/conquete.eaubleue.org\/wp-content\/uploads\/2017\/08\/MSTP.jpg\" alt=\"\" width=\"266\" height=\"177\" srcset=\"https:\/\/conquete.eaubleue.org\/wp-content\/uploads\/2017\/08\/MSTP.jpg 720w, https:\/\/conquete.eaubleue.org\/wp-content\/uploads\/2017\/08\/MSTP-300x200.jpg 300w\" sizes=\"(max-width: 266px) 100vw, 266px\" \/><\/p>\n<p>&nbsp;<\/p>\n<p class=\"tdarticle\"><span style=\"color: #003300;\"><b>Le P\u00e8lerinage d&rsquo;Ar\u00e8s comme\u00a0<em>La R\u00e9v\u00e9lation d&rsquo;Ar\u00e8s\u00a0<\/em>n&rsquo;appar\u00ad\u00adtiennent \u00e0 aucune religion.<br \/>\nLes mots tenus pour fondateurs du P\u00e8lerinage furent prononc\u00e9s par le Cr\u00e9ateur le 22 novembre 1<\/b><b>9<\/b><\/span><b><span style=\"color: #003300;\">77 :<\/span><br \/>\n<\/b><\/p>\n<dl>\n<dd>\n<h4 class=\"caption1\"><span style=\"font-family: Arial, Helvetica, sans-serif;\">R\u00e9v\u00e9lation d&rsquo;Ar\u00e8s x<small>L<\/small>i\/1. Je suis ici.<br \/>\n2. Tu y viens, les fr\u00e8res y viennent.<br \/>\n3. La l\u00e8vre prend le Feu dans Ma Main.<br \/>\n4. Le front br\u00fble.<br \/>\n5. Le Feu entre dans l\u2019homme.<br \/>\n6. L\u2019aragne [l\u2019araign\u00e9e] sucerait-elle le Feu\u00a0?<br \/>\n7. Appelle les fr\u00e8res et les fr\u00e8res\u00a0: \u00ab\u00a0Viens prendre le Feu\u00a0!<br \/>\n8. \u00ab\u00a0Quand ton pied descendra, ton cri s\u2019envolera haut.\u00a0\u00bb<br \/>\n9. Quarante pas nouent Ma Force et Ma Faveur o\u00f9 le front frappe la pierre, o\u00f9 l\u2019\u0153il pleure comme ton \u0153il pleure,<br \/>\n10. o\u00f9 les piques de Mon Feu percent le mal<br \/>\n11. Ma Main blesse l\u2019homme, l\u2019homme vit,<br \/>\n12. sa main \u00e9largie monte \u00e0 Mon Bras.<br \/>\n13. Ici la main d\u2019homme prend Ma Main.<\/span><\/h4>\n<\/dd>\n<\/dl>\n<p class=\"tdarticle\" style=\"padding-left: 30px;\">Chaque ann\u00e9e, le fr\u00e8re Michel fait le P\u00e8lerinage \u00e0 Ar\u00e8s pour revivre l&rsquo;\u00c9v\u00e9nement surnaturel dont il fut t\u00e9moin l\u00e0 en 1974 et en 1977 et redonner le\u00a0<em>Feu<\/em>\u00a0\u00e0 sa\u00a0<em>p\u00e9nitence<\/em>\u00a0et \u00e0 son proph\u00e9tisme. Ses fr\u00e8res et s\u0153urs qui ont foi dans\u00a0<em>La R\u00e9v\u00e9lation d&rsquo;Ar\u00e8s\u00a0<\/em>l&rsquo;y accompagnent pour les m\u00eames raisons, car ils sont\u00a0<em>t\u00e9moins<\/em>\u00a0et\u00a0<em>proph\u00e8tes<\/em>\u00a0\u00e0 sa suite.<br \/>\nLe P\u00e8lerinage d&rsquo;Ar\u00e8s n\u2019abolit pas les autres p\u00e8lerinages sur terre. Il leur donne un sens ultime\u00a0: Il y a un seul Cr\u00e9ateur, le tr\u00e8s simple\u00a0<i>P\u00e8re<\/i>\u00a0du\u00a0<i>Bien,<\/i>\u00a0de quelque fa\u00e7on qu\u2019on le nomme (Cr\u00e9ateur, Dieu, l&rsquo;\u00c9ternel, Allah, le P\u00e8re, Brahm\u0101, etc.). Il est le Saint Qui fait oublier le\u00a0<em>p\u00e9ch\u00e9,<\/em>\u00a0le\u00a0<em>temps<\/em>\u00a0et l\u2019Histoire, qui ne sont que fabrications de l\u2019homme. Le P\u00e8lerinage d&rsquo;Ar\u00e8s rappelle \u00e0 l\u2019humain, quelle que soit sa religion, sa meute, qu\u2019il est une esp\u00e8ce unique qui doit\u00a0<i>changer<\/i>\u00a0en\u00a0<i>bien<\/i>\u00a0pour s\u2019\u00e9viter de tomber dans le\u00a0<i>p\u00e9ch\u00e9 des p\u00e9ch\u00e9s (38\/2),<\/i>\u00a0c\u2019est-\u00e0-dire de plonger dans le mal sans retour.<\/p>\n<p>&nbsp;<\/p>\n<p class=\"tdarticle\"><span style=\"color: #003300;\"><b>Pourquoi faire le P\u00e8lerinage d&rsquo;Ar\u00e8s ?<\/b><\/span><\/p>\n<dl>\n<dd class=\"tdarticle\">Ni un P\u00e8lerin d&rsquo;Ar\u00e8s ni aucun autre humain en qu\u00eate de\u00a0<em>salut<\/em>\u00a0n&rsquo;est soumis \u00e0 des obligations religieuses. Le seul\u00a0<em>sentier<\/em>\u00a0de\u00a0<em>salut<\/em>\u00a0est la\u00a0<em>p\u00e9nitence,\u00a0<\/em>qui consiste, pour l&rsquo;imm\u00e9diat, \u00e0 aimer son prochain, pardonner les offenses, faire la paix avec tous partout, penser et parler avec\u00a0<em>l&rsquo;intelligence<\/em>\u00a0du c\u0153ur\u00a0<em>(32\/5),<\/em>\u00a0\u00eatre\u00a0<em>libre (10\/10)<\/em>\u00a0de tous pr\u00e9jug\u00e9s, et pour l&rsquo;avenir \u00e0 se pr\u00e9parer \u00e0 tout partager avec tous. De sorte qu&rsquo;il n&rsquo;y a pas plus d&rsquo;obligation de faire le P\u00e8lerinage \u00e0 Ar\u00e8s que de prier de telle ou telle fa\u00e7on.\u00a0 Le P\u00e8lerinage d&rsquo;Ar\u00e8s peut cependant \u00eatre une puissante n\u00e9cessit\u00e9 de la conscience personnelle.<\/dd>\n<\/dl>\n<p class=\"tdarticle\"><span style=\"color: #003300;\"><b>Qui peut \u00eatre p\u00e8lerin ?<\/b><\/span><\/p>\n<dl>\n<dd class=\"tdarticle\">Tout humain, pourvu qu&rsquo;il ne soit pas un\u00a0<em>p\u00e9cheur<\/em>\u00a0ou\u00a0<i>imp\u00e9nitent ent\u00eat\u00e9 (26\/11, 36\/6)\u00a0<\/i>venant pour perturber ou par pure curiosit\u00e9. Tout humain, quelle que religion ou philosophie qu&rsquo;il ait, respectueux de l&rsquo;\u00c9v\u00e9nement Surnaturel survenu l\u00e0 est\u00a0<i>Enfant du P\u00e8re (13\/5)<\/i>\u00a0et\u00a0<i>appel\u00e9 (4\/4)<\/i>. Il est toutefois sugg\u00e9r\u00e9 au p\u00e8lerin qui n&rsquo;a aucune attache avec les P\u00e8lerins d&rsquo;Ar\u00e8s d&rsquo;\u00e9pouser leurs bonnes habitudes sur ce lieu sacr\u00e9 : tunique (pr\u00eat\u00e9e \u00e0 ceux qui n&rsquo;en ont pas ; la tunique en recouvrant les v\u00eatements efface les diff\u00e9rences de sexe et de fortune), les pieds nus.<\/dd>\n<\/dl>\n<p class=\"tdarticle\"><span style=\"color: #003300;\"><b>Qui vous accueille ?<\/b><\/span><\/p>\n<dl>\n<dd class=\"tdarticle\">Des P\u00e8lerins d&rsquo;Ar\u00e8s. P\u00e8lerins d&rsquo;Ar\u00e8s, d&rsquo;abord un sobriquet dans les ann\u00e9es 70, est devenu le nom habituel des disciples de\u00a0<em>La R\u00e9v\u00e9lation d&rsquo;Ar\u00e8s\u00a0<\/em>qui assument de leurs deniers, g\u00e9r\u00e9s par L&rsquo;\u0152uvre du P\u00e8lerinage d&rsquo;Ar\u00e8s (Association Loi 1905) l&rsquo;entretien et le service du P\u00e8lerinage.<br \/>\nNe formant pas une religion, mais un mouvement spirituel lib\u00e9rateur, les P\u00e8lerins d&rsquo;Ar\u00e8s ne sont pas jaloux de leur sanctuaire.\u00a0<i>L\u2019Esprit (33\/4-8)<\/i>\u00a0de\u00a0<i>La R\u00e9v\u00e9lation d\u2019Ar\u00e8s\u00a0<\/i>est d&rsquo;ouverture. Ap\u00f4tres de la renaissance de la\u00a0<i>Vie (24\/5)\u00a0<\/i>en eux-m\u00eames par la\u00a0<i>p\u00e9nitence<\/i>\u00a0et dans le monde par la\u00a0<i>moisson de p\u00e9nitents,<\/i>\u00a0ils accueillent tous les hommes d&rsquo;amour, de pardon et de paix,\u00a0<em>libres<\/em>\u00a0de tous pr\u00e9jug\u00e9s, pour qui n&rsquo;existe qu&rsquo;une<i>\u00a0V\u00e9rit\u00e9, c\u2019est que le monde doit changer (R\u00e9v\u00e9lation d&rsquo;Ar\u00e8s 28\/7)<\/i>.<\/dd>\n<\/dl>\n<p class=\"tdarticle\"><span style=\"color: #003300;\"><b>O\u00f9 \u00eates-vous re\u00e7u ?<\/b><\/span><\/p>\n<dl>\n<dd class=\"tdarticle\">Vous entrez dans les locaux du P\u00e8lerinage au\u00a0<b>46, avenue de la Lib\u00e9ration \u00e0 Ar\u00e8s<\/b>\u00a0dans la maison o\u00f9 apparut J\u00e9sus en 1974, qui y dicta, au Nom du P\u00e8re,\u00a0<em>L&rsquo;\u00c9vangile Donn\u00e9 \u00e0 Ar\u00e8s<\/em>\u00a0(Premi\u00e8re partie de\u00a0<em>La R\u00e9v\u00e9lation d&rsquo;Ar\u00e8s)<\/em>. Cette maison ne se visite pas \u2014\u00a0<em>Tu ne feras pas de ce lieu un sanctuaire (40\/2),<\/em>\u00a0dit J\u00e9sus \u2014. Sauf si vous \u00eates un habitu\u00e9, vous recevez ici toutes les indications n\u00e9cessaires. (voir ci-dessous :\u00a0Informations utiles)<\/dd>\n<\/dl>\n<p class=\"tdarticle\"><span style=\"color: #003300;\"><b>Quels livres sont-ils mis \u00e0 votre disposition ?<\/b><\/span><\/p>\n<dl>\n<dd class=\"tdarticle\"><i>La R\u00e9v\u00e9lation d&rsquo;Ar\u00e8s<\/i>\u00a0constitu\u00e9e de\u00a0<i>L&rsquo;\u00c9vangile Donn\u00e9 \u00e0 Ar\u00e8s (1974)<\/i>\u00a0et du\u00a0<i>Livre (1977)<\/i>, la Bible (traduction TOB) et le Coran (traduction de D. Masson). Les autres sortes de r\u00e9v\u00e9lation, vu leurs diversit\u00e9 et impr\u00e9visibilit\u00e9, ne sont pas dispos\u00e9es dans le hall de pri\u00e8re. Toutefois, tout p\u00e8lerin peut apporter les livres dans lesquels il est accoutum\u00e9 \u00e0 prier.<\/dd>\n<\/dl>\n<p class=\"tdarticle\"><b><span style=\"color: #003300;\">Pri\u00e8re <em>libre<\/em> ; aucune c\u00e9r\u00e9monie ou rituel.<\/span><br \/>\n<\/b><\/p>\n<dl>\n<dd class=\"tdarticle\">Seuls le respect et la discr\u00e9tion sont demand\u00e9s aux p\u00e9lerins. Le\u00a0<em>Vrai (xxxiv\/1-4)<\/em>\u00a0s&rsquo;\u00e9panouit comme les fleurs de printemps partout o\u00f9 le\u00a0<i>Souffle s\u2019exhale (2\/14)<\/i>\u00a0et o\u00f9 l&rsquo;humain n&rsquo;a d&rsquo;autre intention que le\u00a0<em>Bien.<\/em>\u00a0Le\u00a0<i>salut<\/i>\u00a0n\u2019est pas donn\u00e9 par les mots, qui ne sont que des aide-m\u00e9moire, mais par la pratique du\u00a0<i>Bien<\/i>\u00a0ou\u00a0<i>p\u00e9nitence (30\/11),<\/i>\u00a0dont le\u00a0<em>p\u00e8lerin,<\/em>\u00a0quelles que soient ses habitudes de foi, vient \u00e0 Ar\u00e8s ranimer le\u00a0<em>Feu.<\/em><br \/>\nLe fid\u00e8le d&rsquo;une religion, juif, chr\u00e9tien, musulman ou autre, est parfois \u00e9tonn\u00e9 de la latitude qui lui est laiss\u00e9e de prier comme il veut autant que du bonheur qu&rsquo;ont les P\u00e8lerins d&rsquo;Ar\u00e8s de partager avec lui leurs habitudes de pi\u00e9t\u00e9 (la tunique, les p\u00eeeds nus, etc.), quoiqu&rsquo;ils ne l&rsquo;y contraignent pas. C&rsquo;est parce qu&rsquo;il ne per\u00e7oit pas tout de suite que le P\u00e8lerin d&rsquo;Ar\u00e8s n&rsquo;est autre qu&rsquo;un homme ou femme de\u00a0<i>bien,<\/i>\u00a0un\u00a0<em>p\u00e9nitent\u00a0<\/em>sans religion qui ne diff\u00e9rencie pas entre eux tous les\u00a0<i>p\u00e9nitents<\/i>\u00a0sur terre, quelles que soient leurs m\u00e9taphysiques personnelles.<br \/>\nLes P\u00e8lerins d&rsquo;Ar\u00e8s sont eux-m\u00eame divers. Il y a ceux qui ont choisi d\u2019appartenir au\u00a0<i>petit reste<\/i>\u00a0et qui s\u2019appliquent strictement \u00e0 la mission sp\u00e9cifique du\u00a0<i>t\u00e9moin<\/i>\u00a0ou\u00a0<i>proph\u00e8te<\/i>\u00a0de\u00a0<i>La R\u00e9v\u00e9lation d\u2019Ar\u00e8s,<\/i>\u00a0mais qui ne se croient pas pour autant sup\u00e9rieurs. Il y a ceux qui, \u00e0 des niveaux diff\u00e9rents et pour des raisons vari\u00e9es, suivent des entiers moins stricts. Dans tous les cas, cependant,\u00a0<em>La R\u00e9v\u00e9lation d\u2019Ar\u00e8s<\/em>\u00a0ram\u00e8ne la foi \u00e0 la qu\u00eate du\u00a0<i>Bien,<\/i>\u00a0\u00e0 la renaissance de\u00a0<i>l\u2019image et ressemblance<\/i>\u00a0du Cr\u00e9ateur\u00a0<i>(Gen\u00e8se 1\/26-27)<\/i>\u00a0au fond de chaque cr\u00e9ature qui s&rsquo;est mise \u00e0\u00a0<i>aimer (2\/12, 25\/2-7, 27\/4, 28\/10-15),<\/i>\u00a0parfois m\u00eame\u00a0<i>trop (12\/7)<\/i>\u00a0s&rsquo;il le faut, \u00e0\u00a0<i>pardonner (12\/4),<\/i>\u00a0\u00e0 faire\u00a0<em>la paix (xxv\/11, 13\/8, 15\/5, 28\/15, 36\/17),<\/em>\u00a0\u00e0 retrouver\u00a0<em>l&rsquo;intelligence (32\/5)<\/em>spirituelle et \u00e0 se rendre\u00a0<em>libre (1\/10)<\/em>\u00a0de tous pr\u00e9jug\u00e9s. Voil\u00e0 comment l\u2019homme fera se lever le\u00a0<em>Jour (31\/8)<\/em>\u00a0du\u00a0<i>bonheur (26\/23).<\/i>\u00a0Ce qui rassemble les P\u00e8lerins d\u2019Ar\u00e8s, ce n\u2019est ni un registre, ni un dogme, ni un signe visible\u00a0; c\u2019est la puissante conviction que le\u00a0<em>Bien<\/em>\u00a0seul vainc le\u00a0<em>Mal,\u00a0<\/em>cr\u00e9e\u00a0<em>l&rsquo;\u00e2me<\/em>\u00a0et sauve l&rsquo;individu comme le monde.<\/dd>\n<\/dl>\n<p class=\"tdarticle\"><span style=\"color: #003300;\"><b>O\u00f9 et quand a lieu le P\u00e8lerinage d\u2019Ar\u00e8s\u00a0?<\/b><\/span><\/p>\n<dl>\n<dd class=\"tdarticle\"><b><b>L&rsquo;\u00e9t\u00e9 \u00e0 Ar\u00e8s en France (33740, Gironde),<br \/>\n46, avenue de la Lib\u00e9ration,<\/b><\/b>Trois p\u00e9riodes\u00a0:<br \/>\ndu 21 juin au 4 juillet,<br \/>\ndu 12 au 25 juillet,<br \/>\ndu 2 au 15 ao\u00fbt.Pendant les trois p\u00e9riodes, la Maison de la Ste-Parole (o\u00f9 se manifesta le Cr\u00e9ateur en 1977) est ouverte<br \/>\nlundi, mardi, mercredi et jeudi de 18h \u00e0 21h<br \/>\nvendredi de 08h30 \u00e0 11h30,<br \/>\nsamedi, dimanche ainsi que les 14 juillet et 15 ao\u00fbt (sauf s&rsquo;ils tombent un vendredi) de 17h30 \u00e0 21h,Chaque p\u00e8lerin prie et\/ou m\u00e9dite librement sans d\u00e9ranger les autres.<\/dd>\n<\/dl>\n<p class=\"tdarticle\"><span style=\"color: #003300;\"><b>Informations utiles :<\/b><\/span><\/p>\n<p class=\"tdarticle\" style=\"padding-left: 30px;\">\u00c0 l\u2019entr\u00e9e, on ne demande ni son nom, ni sa religion au nouveau p\u00e8lerin. On lui pose seulement deux questions\u00a0: \u00ab\u00a0Croyez-vous que\u00a0<em>La R\u00e9v\u00e9lation d\u2019Ar\u00e8s,<\/em>\u00a0la Bible et le Coran viennent du Cr\u00e9ateur\u00a0?\u00a0\u00bb et \u00ab\u00a0Aimez-vous tous les hommes et leur pardonnez-vous leurs offenses\u00a0?\u00a0\u00bb<br \/>\nS\u2019il r\u00e9pond oui aux deux questions il est accueilli par des fr\u00e8res ou s\u0153urs qui lui rappellent le sens de\u00a0<em>La R\u00e9v\u00e9lation d&rsquo;Ar\u00e8s\u00a0<\/em>et du P\u00e8lerinage d\u2019Ar\u00e8s.<br \/>\nS\u2019il r\u00e9pond oui \u00e0 une seule des deux questions, il est accueilli de fa\u00e7on plus attentive.<br \/>\nS\u2019il r\u00e9pond non aux deux questions, on lui pose une troisi\u00e8me question\u00a0: \u00ab\u00a0Pensez-vous que quelque chose de spirituellement important et respectable s\u2019est pass\u00e9 sur ce lieu\u00a0? Venez-vous pour y m\u00e9diter et respecterez-vous la paix et les habitudes de ce P\u00e8lerinage\u00a0?\u00a0\u00bb<br \/>\nS\u2019il r\u00e9pond oui \u00e0 cette question, il sera re\u00e7u de fa\u00e7on particuli\u00e8rement attentive et explicative par les fr\u00e8res et s\u0153urs d\u2019accueil avant d\u2019\u00eatre accompagn\u00e9 jusqu\u2019\u00e0 l\u2019ex\u00e8dre, qui est l&rsquo;antichambre de la salle de pri\u00e8re.<br \/>\nS\u2019il r\u00e9pond non, on regrettera de ne pas pouvoir le laisser entrer.<\/p>\n<p><span style=\"color: #003300;\"><b>Que savoir, si vous voulez devenir membre du\u00a0<i>petit reste\u00a0<\/i><i>(24\/1) ?<\/i><\/b><\/span><\/p>\n<p style=\"padding-left: 30px;\">Il n&rsquo;existe ni registre, ni fichier central, ni rite ou conditions d&rsquo;admission dans\u00a0<em>l&rsquo;Assembl\u00e9e<\/em>\u00a0de ceux qui croient dans\u00a0<em>La R\u00e9v\u00e9lation d&rsquo;Ar\u00e8s,\u00a0<\/em>parce que, par principe, ce seront \u00e0 terme, au\u00a0<em>Jour<\/em>\u00a0o\u00f9\u00a0<em>il n&rsquo;y aura plus ni jour ni nuit,<\/em>\u00a0o\u00f9 la\u00a0<em>Lumi\u00e8re couvrira tout (31\/8),<\/em>\u00a0tous les\u00a0<em>Enfants (13\/5)<\/em>\u00a0du Cr\u00e9ateur, tous les hommes de<em>\u00a0Bien.<br \/>\n<\/em>De ce fait, on ne peut distinguer que deux sortes de disciples de\u00a0<em>La R\u00e9v\u00e9lation d&rsquo;Ar\u00e8s :\u00a0<\/em>Ceux du\u00a0<em>petit reste \u2014<\/em>\u00a0les P\u00e8lerins d&rsquo;Ar\u00e8s que le\u00a0<em>t\u00e9moin<\/em>\u00a0orthographie avec un grand P \u2014 et tous les autres, le grand melting-pot des p\u00e8lerins d&rsquo;Ar\u00e8s petit p. Les uns et les autres \u00e9tant de toute fa\u00e7on des\u00a0<em>p\u00e9nitents,\u00a0<\/em>le<em>\u00a0salut\u00a0<\/em>n&rsquo;est pas plus garanti aux uns qu&rsquo;aux autres, car\u00a0<em>qui peut savoir qui est sauv\u00e9, qui n&rsquo;est pas sauv\u00e9 ? (11\/3).<\/em><br \/>\nLes P\u00e8lerins d&rsquo;Ar\u00e8s du\u00a0<em>petit reste<\/em>\u00a0sont les seuls d\u00e9finissables, parce qu&rsquo;ils comprennent\u00a0<em>La R\u00e9v\u00e9lation d&rsquo;Ar\u00e8s<\/em>\u00a0et la mettent en pratique comme le\u00a0<em>proph\u00e8te\u00a0<\/em>aussi strictement qu&rsquo;ils peuvent. Les autres comprennent\u00a0<em>La R\u00e9v\u00e9lation d&rsquo;Ar\u00e8s\u00a0<\/em>et la mettent en pratique de mani\u00e8res nombreuses et diverses.<em><br \/>\n<\/em>Mais tous, P\u00e8lerins d&rsquo;Ar\u00e8s et p\u00e8lerins d&rsquo;Ar\u00e8s, sont radicalement diff\u00e9rents des croyants traditionnels, qui cherchent leur\u00a0<i>salut<\/i>dans les dogmes, lois et pr\u00e9jug\u00e9s d&rsquo;une religion. Le P\u00e8lerin d&rsquo;Ar\u00e8s comme le p\u00e8lerin d&rsquo;Ar\u00e8s est une conscience\u00a0<i>libre (1\/10).<\/i>Il contribue au s<i>alut<\/i>\u00a0ou\u00a0<i>changement du monde (28\/7)<\/i>\u00a0par sa\u00a0<em>p\u00e9nitence<\/em>\u00a0(pratique de\u00a0<em>l\u2019amour,<\/em>\u00a0du\u00a0<em>pardon,<\/em>\u00a0de la\u00a0<em>paix,<\/em>\u00a0de\u00a0<em>la libre intelligence\u00a0<\/em>du c\u0153ur) et par sa continuelle\u00a0<em>moisson<\/em>\u00a0de nouveaux\u00a0<em>p\u00e9nitents.<\/em>\u00a0Sa foi est\u00a0<i>conscite (xxii\/14),<\/i>\u00a0c.-\u00e0-d. bas\u00e9e sur la seule conscience que\u00a0<em>La R\u00e9v\u00e9lation d&rsquo;Ar\u00e8s\u00a0<\/em>explique toutes les \u00c9critures historiques encombr\u00e9es de\u00a0<i>livres<\/i>\u00a0<i>d\u2019hommes (35\/12).<\/i>\u00a0P\u00e8lerins d&rsquo;Ar\u00e8s comme p\u00e8lerins d&rsquo;Ar\u00e8s concourent \u00e0 la renaissance du christianisme originel du\u00a0<i>Sermon sur la Montagne (Matthieu ch. 5 \u00e0 7).<\/i><\/p>\n<p><span style=\"color: #003300;\"><strong>Le\u00a0<i>Feu<\/i>\u00a0de la simple vie spirituelle, qui est la qu\u00eate du\u00a0<i>Bien,<\/i><br \/>\nvoil\u00e0 ce qu&rsquo;on vient ranimer au fond de soi \u00e0 Ar\u00e8s pendant le P\u00e8lerinage.<\/strong><\/span><\/p>\n","protected":false},"excerpt":{"rendered":"<p>Cette page est une copie de l&rsquo;entr\u00e9e \u00ab\u00a0Le P\u00e8lerinage\u00a0\u00bb du blog du t\u00e9moin des Ev\u00e8nements d&rsquo;Ar\u00e8s, Michel Potay \/\u00a0michelpotayblog.net \u00a0 La R\u00e9v\u00e9lation d&rsquo;Ar\u00e8s,\u00a0Parole du Cr\u00e9ateur, n\u2019a ni Dieu ni la religion pour propos. Son propos est\u00a0l\u2019homme du temps qui vient (30\/13),\u00a0la\u00a0p\u00e9nitence (16\/17)\u00a0et la\u00a0Vie (24\/3-4). Que la Parole f\u00fbt donn\u00e9e par Isa\u00efe vers 760 av. JC., &hellip; <\/p>\n<p><a class=\"more-link block-button\" href=\"https:\/\/conquete.eaubleue.org\/?page_id=749\">Continuer \u00e0 lire\u00a0\u00bb<\/a><\/p>\n","protected":false},"author":1,"featured_media":2286,"parent":31,"menu_order":6,"comment_status":"closed","ping_status":"closed","template":"template-twocolumnsleft.php","meta":[],"_links":{"self":[{"href":"https:\/\/conquete.eaubleue.org\/index.php?rest_route=\/wp\/v2\/pages\/749"}],"collection":[{"href":"https:\/\/conquete.eaubleue.org\/index.php?rest_route=\/wp\/v2\/pages"}],"about":[{"href":"https:\/\/conquete.eaubleue.org\/index.php?rest_route=\/wp\/v2\/types\/page"}],"author":[{"embeddable":true,"href":"https:\/\/conquete.eaubleue.org\/index.php?rest_route=\/wp\/v2\/users\/1"}],"replies":[{"embeddable":true,"href":"https:\/\/conquete.eaubleue.org\/index.php?rest_route=%2Fwp%2Fv2%2Fcomments&post=749"}],"version-history":[{"count":28,"href":"https:\/\/conquete.eaubleue.org\/index.php?rest_route=\/wp\/v2\/pages\/749\/revisions"}],"predecessor-version":[{"id":754,"href":"https:\/\/conquete.eaubleue.org\/index.php?rest_route=\/wp\/v2\/pages\/749\/revisions\/754"}],"up":[{"embeddable":true,"href":"https:\/\/conquete.eaubleue.org\/index.php?rest_route=\/wp\/v2\/pages\/31"}],"wp:featuredmedia":[{"embeddable":true,"href":"https:\/\/conquete.eaubleue.org\/index.php?rest_route=\/wp\/v2\/media\/2286"}],"wp:attachment":[{"href":"https:\/\/conquete.eaubleue.org\/index.php?rest_route=%2Fwp%2Fv2%2Fmedia&parent=749"}],"curies":[{"name":"wp","href":"https:\/\/api.w.org\/{rel}","templated":true}]}}