{"id":884,"date":"2017-09-18T13:03:01","date_gmt":"2017-09-18T13:03:01","guid":{"rendered":"http:\/\/conquete.eaubleue.org\/?page_id=884"},"modified":"2017-11-11T10:31:11","modified_gmt":"2017-11-11T10:31:11","slug":"1974-et-1977-a-ares","status":"publish","type":"page","link":"https:\/\/conquete.eaubleue.org\/?page_id=884","title":{"rendered":"LES \u00c9V\u00c8NEMENTS D&rsquo;AR\u00c8S"},"content":{"rendered":"<h2><\/h2>\n<h1 class=\"font_8\" style=\"padding-left: 60px;\"><span style=\"color: #003300;\">\u00c0 Ar\u00e8s, petite localit\u00e9 de Gironde, <strong>Michel Potay<\/strong>, <img loading=\"lazy\" class=\"wp-image-1943 size-full alignright\" src=\"http:\/\/conquete.eaubleue.org\/wp-content\/uploads\/michel_potay.jpg\" alt=\"\" width=\"157\" height=\"197\" \/>p\u00e8re de famille subit du Ciel un Ev\u00e8nement surnaturel et prodigieux.<\/span><\/h1>\n<p style=\"text-align: left; padding-left: 60px;\"><span class=\"color_15\">Depuis lors, <em>Michel Potay<\/em>, fr\u00e8re Michel, pr\u00eache la foi sans religion, simplement fond\u00e9e sur un sens profond de la nature sacr\u00e9e de l\u2019homme et sur la pratique personnelle autant qu\u2019apostolique du Bien, que\u00a0<em>La R\u00e9v\u00e9lation d\u2019Ar\u00e8s<\/em>\u00a0appelle<em>\u00a0p\u00e9nitence<\/em>.\u00a0<\/span><span class=\"color_15\">La<em>\u00a0p\u00e9nitence<\/em>\u00a0n\u2019est ni remords ni autopunition, mais reconstruction du destin humain\u00a0<em>dans la joie et la f\u00eate<\/em> de l\u2019<em>\u00e2me<\/em>\u00a0qui rena\u00eet. <\/span><span class=\"color_15\">La<em>\u00a0p\u00e9nitence<\/em> changera le monde.<\/span><\/p>\n<h1 style=\"padding-left: 60px;\"><span style=\"color: #003300;\"><strong>En 1974<\/strong><\/span><\/h1>\n<p style=\"padding-left: 60px;\"><span style=\"color: #000000;\"><strong>Dans la nuit du 14-15 janvier 1974<\/strong><\/span><\/p>\n<p class=\"font_8\" style=\"padding-left: 60px;\">Une voix r\u00e9veille\u00a0<em>Michel Potay<\/em>\u00a0:<\/p>\n<h3 style=\"padding-left: 60px;\"><img loading=\"lazy\" class=\"size-thumbnail wp-image-133 alignright\" src=\"http:\/\/conquete.eaubleue.org\/wp-content\/uploads\/2017\/08\/JESUS4-150x150.jpg\" alt=\"\" width=\"150\" height=\"150\" \/><\/h3>\n<p class=\"font_8\" style=\"padding-left: 60px;\">\u00ab\u00a0L\u00e8ve-toi ! Viens !\u00a0\u00bb Presque nu, il va \u00e0 t\u00e2tons dans le bric-\u00e0-brac de sa maison en r\u00e9fection sans \u00e9clairage ni chauffage. Il tombe sur un homme visible surnaturellement dans la nuit. Grand, robuste, tr\u00e8s digne et de type oriental, le visiteur fait d&rsquo;abord penser \u00e0 un homme des steppes comme Abraham, mais Michel Potay, fr\u00e8re Michel comprend vite qu&rsquo;il s&rsquo;agit du charpentier de Nazareth, J\u00e9sus.<\/p>\n<p class=\"font_8\" style=\"padding-left: 60px;\"><strong><span class=\"color_15\">J\u00e9sus viendra visiter 40 fois Michel Potay et lui dicter\u00a0<\/span><span class=\"color_15\">un message du 15 janvier <\/span><span class=\"color_15\">au 13 avril 1974.\u00a0<\/span><span class=\"color_15\">C&rsquo;est\u00a0l&rsquo;<em>Evangile donn\u00e9 \u00e0\u00a0Ar\u00e8s<\/em>.<\/span><\/strong><\/p>\n<p>&nbsp;<\/p>\n<blockquote>\n<h3><span style=\"font-family: Arial, Helvetica, sans-serif;\"><strong>Pourquoi le retour de J\u00e9sus en 1974 ?<\/strong><\/span><\/h3>\n<p class=\"font_8\"><span class=\"color_29\">Apr\u00e8s 2000 ans de religion,<em>\u00a0le\u00a0Sermon sur la Montagne<\/em>\u00a0qu&rsquo;avait enseign\u00e9 J\u00e9sus n&rsquo;est toujours pas v\u00e9cu, les Eglises ne l&rsquo;ont pas accompli. Le vrai christianisme d&rsquo;<em>amour<\/em>, de <em>pardon<\/em> et de <em>paix<\/em> n&rsquo;existe pas encore parce que ce<\/span><span class=\"color_29\">\u00a0n&rsquo;est pas la foi seule, les croyances ou la pratique d&rsquo;un culte qui sauve mais seulement faire le Bien, que <em>La R\u00e9v\u00e9lation d&rsquo;Ar\u00e8s<\/em> appelle\u00a0<em>p\u00e9nitence<\/em>.\u00a0Car, la v\u00e9rit\u00e9 c&rsquo;est que monde doit <em>changer (V28\/7)<\/em><\/span><\/p>\n<\/blockquote>\n<h1><\/h1>\n<h1 style=\"padding-left: 60px;\"><span style=\"color: #003300;\"><strong>En 1977<\/strong><\/span><\/h1>\n<p><img loading=\"lazy\" class=\"alignright wp-image-146\" src=\"http:\/\/conquete.eaubleue.org\/wp-content\/uploads\/2017\/08\/MSTP.jpg\" alt=\"\" width=\"250\" height=\"167\" srcset=\"https:\/\/conquete.eaubleue.org\/wp-content\/uploads\/2017\/08\/MSTP.jpg 720w, https:\/\/conquete.eaubleue.org\/wp-content\/uploads\/2017\/08\/MSTP-300x200.jpg 300w\" sizes=\"(max-width: 250px) 100vw, 250px\" \/><\/p>\n<p class=\"font_8\" style=\"padding-left: 60px;\"><span class=\"color_15\" style=\"color: #000000;\"><strong>Quarante quatre mois plus tard, dans la nuit du 2 octobre 1977<\/strong><\/span><\/p>\n<p class=\"font_8\" style=\"padding-left: 60px;\"><span class=\"color_15\"><em>Michel Potay<\/em>,\u00a0d\u00e9j\u00e0 t\u00e9moin de J\u00e9sus en 1974, est r\u00e9veill\u00e9 par un bruit \u00e9trange au dehors : cliquetis et chocs m\u00e9talliques. Par une porte-fen\u00eatre il voit la nuit \u00e9tinceler. Des<\/span>\u00a0milliers d&rsquo;\u00e9p\u00e9es et boucliers semblent s&rsquo;entrechoquer. L&rsquo;arm\u00e9e du bien contre l&rsquo;arm\u00e9e du mal ? Au fond de l&rsquo;arri\u00e8re cour une lave blanche coule des murs de la chapelle, dont les fen\u00eatres sont surnaturellement \u00e9clair\u00e9es de l&rsquo;int\u00e9rieur par la m\u00eame lumi\u00e8re. Le\u00a0t\u00e9moin\u00a0s&rsquo;habille \u00e0 la h\u00e2te, traverse la cour, tremblant, dans le bruit et les \u00e9clairs. Il trouve la porte de la chapelle d\u00e9v\u00e9rouill\u00e9e. il entre.<br \/>\nLa charpente craque, semble exposer. Les murs int\u00e9rieurs semblent aussi fondre en lave blanche.<br \/>\nAu centre de ce tumulte se dresse un trait de lumi\u00e8re gu\u00e8re plus grand qu&rsquo;un b\u00e2ton d&rsquo;o\u00f9<span style=\"font-family: arial, '\uff4d\uff53 \uff50\u30b4\u30b7\u30c3\u30af', 'ms pgothic', \ub3cb\uc6c0, dotum, helvetica, sans-serif;\">\u00a0sort une\u00a0<em>Voix<\/em>.<\/span><\/p>\n<p class=\"font_8\" style=\"padding-left: 60px;\"><strong><span style=\"font-family: arial, '\uff4d\uff53 \uff50\u30b4\u30b7\u30c3\u30af', 'ms pgothic', \ub3cb\uc6c0, dotum, helvetica, sans-serif;\"><em><img loading=\"lazy\" class=\"alignright wp-image-1562\" src=\"http:\/\/conquete.eaubleue.org\/wp-content\/uploads\/interieur-199x300.jpg\" alt=\"\" width=\"133\" height=\"200\" srcset=\"https:\/\/conquete.eaubleue.org\/wp-content\/uploads\/interieur-199x300.jpg 199w, https:\/\/conquete.eaubleue.org\/wp-content\/uploads\/interieur-768x1156.jpg 768w, https:\/\/conquete.eaubleue.org\/wp-content\/uploads\/interieur-680x1024.jpg 680w\" sizes=\"(max-width: 133px) 100vw, 133px\" \/><\/em><\/span><\/strong><span style=\"font-family: arial, '\uff4d\uff53 \uff50\u30b4\u30b7\u30c3\u30af', 'ms pgothic', \ub3cb\uc6c0, dotum, helvetica, sans-serif;\"><strong>C&rsquo;est dans une conflagration surnaturelle, que Le Cr\u00e9ateur Lui-m\u00eame va se r\u00e9v\u00e9ler et parler cinq fois du 2 octobre au 22 novembre 1977<\/strong> <strong>\u00e0 <\/strong><\/span><span style=\"font-family: arial, '\uff4d\uff53 \uff50\u30b4\u30b7\u30c3\u30af', 'ms pgothic', \ub3cb\uc6c0, dotum, helvetica, sans-serif;\"><strong>Michel Potay, qui fait de cet \u00e9v\u00e9nement surnaturel l\u2019\u00e9gal du Buisson Ardent (Mo\u00efse) ou du Mont Hira (Mahomet).<\/strong><br \/>\nCes cinq manifestations sont des Th\u00e9ophanies. Elles forment la seconde partie <em>La R\u00e9v\u00e9lation d&rsquo;Ar\u00e8s<\/em> que le t\u00e9moin a nomm\u00e9 \u00ab\u00a0le\u00a0Livre\u00a0\u00bb<\/span><span style=\"font-family: arial, '\uff4d\uff53 \uff50\u30b4\u30b7\u30c3\u30af', 'ms pgothic', \ub3cb\uc6c0, dotum, helvetica, sans-serif;\">.<\/span><strong><span style=\"font-family: arial, '\uff4d\uff53 \uff50\u30b4\u30b7\u30c3\u30af', 'ms pgothic', \ub3cb\uc6c0, dotum, helvetica, sans-serif;\"><em><br \/>\n<\/em><\/span><\/strong><\/p>\n<div id=\"iwky64e1\" class=\"c1\" style=\"padding-left: 60px;\" data-reactid=\".0.$SITE_ROOT.$desktop_siteRoot.$PAGES_CONTAINER.$centeredContent.$inlineContent.$SITE_PAGES.$c16hy_DESKTOP.$inlineContent.$iwky64e1\"><\/div>\n<div style=\"padding-left: 60px;\" data-reactid=\".0.$SITE_ROOT.$desktop_siteRoot.$PAGES_CONTAINER.$centeredContent.$inlineContent.$SITE_PAGES.$c16hy_DESKTOP.$inlineContent.$iwky64e1\"><\/div>\n<div id=\"iwkxr9sa\" class=\"txtNew\" data-reactid=\".0.$SITE_ROOT.$desktop_siteRoot.$PAGES_CONTAINER.$centeredContent.$inlineContent.$SITE_PAGES.$c16hy_DESKTOP.$inlineContent.$iwkxr9sa\">\n<h5 class=\"font_7\" style=\"text-align: right;\">L&rsquo;int\u00e9rieur de la chapelle o\u00f9 le Cr\u00e9ateur se manifesta<br \/>\ndu 2 octobre au 22 novembre 1977 \u00e0 Ar\u00e8s,<br \/>\naujourd\u2019hui appel\u00e9e\u00a0Maison de la Sainte Parole,<br \/>\nlieu o\u00f9 chaque \u00e9t\u00e9 se d\u00e9roule\u00a0le\u00a0p\u00e8lerinage.<\/h5>\n<\/div>\n<div id=\"iwkxo1m6_0\" class=\"txtNew\" data-reactid=\".0.$SITE_ROOT.$desktop_siteRoot.$PAGES_CONTAINER.$centeredContent.$inlineContent.$SITE_PAGES.$c16hy_DESKTOP.$inlineContent.$iwkxo1m6_0\"><\/div>\n<div data-reactid=\".0.$SITE_ROOT.$desktop_siteRoot.$PAGES_CONTAINER.$centeredContent.$inlineContent.$SITE_PAGES.$c16hy_DESKTOP.$inlineContent.$iwkxo1m6_0\"><\/div>\n<div id=\"iwkxr9s8\" class=\"wp1\" style=\"padding-left: 60px;\" title=\"\" data-reactid=\".0.$SITE_ROOT.$desktop_siteRoot.$PAGES_CONTAINER.$centeredContent.$inlineContent.$SITE_PAGES.$c16hy_DESKTOP.$inlineContent.$iwkxr9s8\" data-exact-height=\"326\" data-content-padding-horizontal=\"0\" data-content-padding-vertical=\"0\"><\/div>\n","protected":false},"excerpt":{"rendered":"<p>\u00c0 Ar\u00e8s, petite localit\u00e9 de Gironde, Michel Potay, p\u00e8re de famille subit du Ciel un Ev\u00e8nement surnaturel et prodigieux. Depuis lors, Michel Potay, fr\u00e8re Michel, pr\u00eache la foi sans religion, simplement fond\u00e9e sur un sens profond de la nature sacr\u00e9e de l\u2019homme et sur la pratique personnelle autant qu\u2019apostolique du Bien, que\u00a0La R\u00e9v\u00e9lation d\u2019Ar\u00e8s\u00a0appelle\u00a0p\u00e9nitence.\u00a0La\u00a0p\u00e9nitence\u00a0n\u2019est ni &hellip; <\/p>\n<p><a class=\"more-link block-button\" href=\"https:\/\/conquete.eaubleue.org\/?page_id=884\">Continuer \u00e0 lire\u00a0\u00bb<\/a><\/p>\n","protected":false},"author":1,"featured_media":0,"parent":0,"menu_order":0,"comment_status":"closed","ping_status":"closed","template":"template-onecolumn.php","meta":[],"_links":{"self":[{"href":"https:\/\/conquete.eaubleue.org\/index.php?rest_route=\/wp\/v2\/pages\/884"}],"collection":[{"href":"https:\/\/conquete.eaubleue.org\/index.php?rest_route=\/wp\/v2\/pages"}],"about":[{"href":"https:\/\/conquete.eaubleue.org\/index.php?rest_route=\/wp\/v2\/types\/page"}],"author":[{"embeddable":true,"href":"https:\/\/conquete.eaubleue.org\/index.php?rest_route=\/wp\/v2\/users\/1"}],"replies":[{"embeddable":true,"href":"https:\/\/conquete.eaubleue.org\/index.php?rest_route=%2Fwp%2Fv2%2Fcomments&post=884"}],"version-history":[{"count":74,"href":"https:\/\/conquete.eaubleue.org\/index.php?rest_route=\/wp\/v2\/pages\/884\/revisions"}],"predecessor-version":[{"id":1313,"href":"https:\/\/conquete.eaubleue.org\/index.php?rest_route=\/wp\/v2\/pages\/884\/revisions\/1313"}],"wp:attachment":[{"href":"https:\/\/conquete.eaubleue.org\/index.php?rest_route=%2Fwp%2Fv2%2Fmedia&parent=884"}],"curies":[{"name":"wp","href":"https:\/\/api.w.org\/{rel}","templated":true}]}}