{"id":92,"date":"2017-08-20T15:49:17","date_gmt":"2017-08-20T15:49:17","guid":{"rendered":"http:\/\/conquete.eaubleue.org\/?page_id=92"},"modified":"2017-12-02T17:45:14","modified_gmt":"2017-12-02T17:45:14","slug":"penitence","status":"publish","type":"page","link":"https:\/\/conquete.eaubleue.org\/?page_id=92","title":{"rendered":"P\u00e9nitence"},"content":{"rendered":"<h4><span style=\"color: #000080;\"><img loading=\"lazy\" class=\"wp-image-138 alignleft\" src=\"http:\/\/conquete.eaubleue.org\/wp-content\/uploads\/2017\/08\/logo.png\" alt=\"\" width=\"27\" height=\"35\" \/><\/span><\/h4>\n<h4><img loading=\"lazy\" class=\"size-thumbnail wp-image-2276 alignright\" src=\"http:\/\/conquete.eaubleue.org\/wp-content\/uploads\/conquete-revelation-ares-michel_potay--150x150.jpg\" alt=\"\" width=\"150\" height=\"150\" srcset=\"https:\/\/conquete.eaubleue.org\/wp-content\/uploads\/conquete-revelation-ares-michel_potay--150x150.jpg 150w, https:\/\/conquete.eaubleue.org\/wp-content\/uploads\/conquete-revelation-ares-michel_potay-.jpg 197w\" sizes=\"(max-width: 150px) 100vw, 150px\" \/><\/h4>\n<h2 style=\"padding-left: 60px;\"><span style=\"font-size: 18pt;\"><strong>L&rsquo;appel de\u00a0<\/strong><\/span><span style=\"color: #339966; font-size: 18pt;\"><strong>La R\u00e9v\u00e9lation d&rsquo;Ar\u00e8s<\/strong><\/span> <span style=\"font-size: 18pt;\"><strong>en un mot : <\/strong><\/span><span style=\"color: #339966; font-size: 18pt;\"><strong>p\u00e9nitence (ou bonification)<\/strong><\/span><\/h2>\n<p style=\"padding-left: 60px;\"><span style=\"color: #339966;\">A Ar\u00e8s, en 1974 J\u00e9sus parle de\u00a0<em>p\u00e9nitence<\/em><br \/>\nmais Il ne donne pas du tout \u00e0 <em>p\u00e9nitence<\/em> le sens de remords, punition, <span style=\"color: #339966;\">ch\u00e2timent,<\/span> privation ou aust\u00e9rit\u00e9,<br \/>\nque lui ont donn\u00e9 la religion et la loi.<br \/>\nIl donne \u00e0 <em>p\u00e9nitence<\/em> le sens de <em>joie et f\u00eate<\/em>\u00a0&#8211; ce sont ses mots m\u00eames<em>\u00a0(R\u00e9v d\u2019Ar\u00e8s 30\/11).<\/em><\/span><\/p>\n<p style=\"padding-left: 60px;\"><span style=\"color: #ff6600;\"><strong><span style=\"color: #339966;\">La <em>p\u00e9nitence<\/em> : la recherche d&rsquo;une autre vie de Bien<\/span><br \/>\n<\/strong><\/span><span style=\"color: #333333;\"><em>La R\u00e9v\u00e9lation d\u2019Ar\u00e8s<\/em> relance le mot et donc l\u2019id\u00e9e qu\u2019il contient r\u00e9ellement, id\u00e9e qui n\u2019a plus rien \u00e0 voir avec le pass\u00e9, donc rien \u00e0 voir avec le remords et l\u2019expiation, mais tout \u00e0 voir avec l\u2019avenir, avec la recherche d\u2019une autre vie, d\u2019une vie de Bien \u00e0 construire au fond de soi pour que ce Bien personnel agisse sur le monde jusqu\u2019\u00e0 son changement.<br \/>\n<strong><span class=\"color_30\">La\u00a0<em>p\u00e9nitence<\/em>\u00a0<\/span><span class=\"color_30\">est un comportement. E<\/span><\/strong><strong><span class=\"color_30\">lle ne d\u00e9signe pas une appartenance \u00e0 une religion.<\/span><\/strong><strong><span class=\"color_30\">\u00a0<\/span><\/strong><br \/>\n<\/span><\/p>\n<p style=\"padding-left: 60px;\"><span style=\"color: #339966;\"><strong> \u00catre <em>p\u00e9nitent<\/em>,<\/strong><\/span><strong><br \/>\nc\u2019est <em>aimer, pardonner<\/em>, faire la <em>paix<\/em>, se rendre <em>libre<\/em> de tous pr\u00e9jug\u00e9s et de tous pouvoirs, agir avec l\u2019<em>intelligence<\/em> spirituelle ou l<em>\u2019intelligence<\/em> du coeur<\/strong> \u00e9touff\u00e9e sous l\u2019exc\u00e8s d\u2019intelligence intellectuelle.<br \/>\nRien d\u2019autre !<br \/>\n<span style=\"color: #333333;\"> Pas besoin de dipl\u00f4mes, de philosophie pour comprendre que si l\u2019homme s\u2019impose cette <em>p\u00e9nitence<\/em> d\u2019amour, de joie et de libert\u00e9, le monde finira par changer en bien. C\u2019est le message m\u00eame de l\u2019\u00c9vangile de J\u00e9sus, le message du vrai christianisme d\u2019amour, de pardon et de paix qui n\u2019a jamais \u00e9t\u00e9 accompli.<\/span><\/p>\n<p style=\"padding-left: 60px;\"><span style=\"color: #339966;\"><strong>La <em>p\u00e9nitence<\/em> est tout autre chose qu\u2019une rigueur morale.<\/strong><\/span><br \/>\nElle est<span style=\"color: #000000;\"> <strong>action dynamique<\/strong><\/span> qui transforme l\u2019homme en lui redonnant la puissance cr\u00e9atrice au sens divin, la Force du Bien, qui fait du <em>p\u00e9nitent<\/em> un recr\u00e9ateur du monde.<\/p>\n<p style=\"padding-left: 60px;\"><span style=\"color: #333333;\">Elle est <span style=\"color: #000000;\"><strong>action de reconstitution de l\u2019universalit\u00e9 humaine<\/strong><\/span>, par un travail de fond lent et tr\u00e8s progressif sur soi, exclusivement spirituel. Un travail sur soi-m\u00eame choisi, voulu, \u00e9lan de sa propre conscience vers la Lumi\u00e8re, l\u2019Amour, la Paix qui est action lib\u00e9ratrice et non soumission \u00e0 un syst\u00e8me ext\u00e9rieur d\u2019autorit\u00e9 et de lois.<\/span><\/p>\n<p style=\"padding-left: 60px;\">Choisir la <em>p\u00e9nitence<\/em> n\u2019est pas choisir les remords et l\u2019expiation. C\u2019est choisir le meilleur,<span style=\"color: #000000;\"><strong> action positiviste \u00e0 double effet dans l\u2019individu et la soci\u00e9t\u00e9.<\/strong><\/span><br \/>\n<span style=\"color: #333333;\"> Ce qui ne signifie pas que devenir <em>p\u00e9nitent<\/em> est devenir inconscient que le mal et ses dangers existent. \u00catre <em>p\u00e9nitent,<\/em> c\u2019est bien au contraire \u00eatre parfaitement conscient qu\u2019on traverse un monde qui accepte l\u2019existence du mal comme naturelle et in\u00e9vitable et c\u2019est vouloir absolument changer ce sentiment fatal, travailler \u00e0 <em>changer ce monde (28\/7)<\/em> en commen\u00e7ant par se recr\u00e9er bon.<\/span><\/p>\n<p>&nbsp;<\/p>\n<hr \/>\n<hr \/>\n<h2><span style=\"color: #333333;\"><strong><img loading=\"lazy\" class=\"alignright wp-image-137 \" src=\"http:\/\/conquete.eaubleue.org\/wp-content\/uploads\/2017\/08\/Jesus-blog.jpg\" alt=\"\" width=\"159\" height=\"134\" srcset=\"https:\/\/conquete.eaubleue.org\/wp-content\/uploads\/2017\/08\/Jesus-blog.jpg 358w, https:\/\/conquete.eaubleue.org\/wp-content\/uploads\/2017\/08\/Jesus-blog-300x253.jpg 300w\" sizes=\"(max-width: 159px) 100vw, 159px\" \/><\/strong><\/span><span style=\"color: #339966;\"><strong>En 1974, \u00e0\u00a0<\/strong><strong>Ar\u00e8s (Gironde) <\/strong><strong>J\u00e9sus prononce ces versets l<\/strong><strong>ors de sa <span style=\"color: #339966;\">30e<\/span> apparition :<\/strong><\/span><\/h2>\n<h5 style=\"padding-left: 60px;\"><span style=\"color: #339966; font-family: Arial, Helvetica, sans-serif;\"><span style=\"color: #000000;\">10\/ Je ne pardonne pas les p\u00e9ch\u00e9s ;<\/span><br \/>\n<span style=\"color: #000000;\"> Mon Salut n\u2019est pas au bout du pardon, mais au bout de la p\u00e9nitence.<\/span><br \/>\n<span style=\"color: #000000;\"> Je ne pardonne pas le p\u00e9cheur ;<\/span><br \/>\n<span style=\"color: #000000;\"> Ma Volont\u00e9 est qu\u2019il cesse d\u2019\u00eatre p\u00e9cheur.<\/span><\/span><\/h5>\n<h5 style=\"padding-left: 90px;\"><span style=\"color: #000000;\">ANNOTATIONS* : La solution d\u00e9finitive du mal n\u2019est pas dans le pardon du p\u00e9ch\u00e9 par le Cr\u00e9ateur, mais dans l\u2019effort du p\u00e9cheur d\u2019\u00eatre p\u00e9nitent, c-\u00e0-d. de changer sa vie en bien (30\/11).<\/span><\/h5>\n<h5 style=\"padding-left: 60px;\"><span style=\"font-family: Arial, Helvetica, sans-serif;\"><span style=\"color: #000000;\">11\/ Le p\u00e9nitent n\u2019est pas le p\u00e9cheur qui s\u2019assied dans la poussi\u00e8re, qui se couvre d\u2019un sac,<\/span><\/span><br \/>\n<span style=\"font-family: Arial, Helvetica, sans-serif;\"> <span style=\"color: #000000;\"> mais l\u2019homme qui cesse de p\u00e9cher, m\u00eame v\u00eatu pour la f\u00eate, parfum\u00e9, chantant au son des fl\u00fbtes et des trompettes,<\/span><\/span><br \/>\n<span style=\"font-family: Arial, Helvetica, sans-serif;\"> <span style=\"color: #000000;\"> et m\u00eame la joie et la parure ne conviennent-elles pas \u00e0 celui qui a chang\u00e9 sa vie ?<em><br \/>\n<\/em><em>&#8230;<br \/>\n<\/em>13\/ S\u2019ils ne p\u00e8chent plus, Je ne Me souviendrai plus de leur pass\u00e9,<\/span><\/span><br \/>\n<span style=\"font-family: Arial, Helvetica, sans-serif;\"> <span style=\"color: #000000;\"> ils entrent dans la p\u00e9nitence,<\/span><\/span><br \/>\n<span style=\"font-family: Arial, Helvetica, sans-serif;\"> <span style=\"color: #000000;\"> ils sont des hommes du temps qui vient.<\/span><\/span><\/h5>\n<h5 style=\"padding-left: 90px;\">ANNOTATIONS* :\u00a0<em>ils entrent dans la p\u00e9nitence<\/em> = ils \u00e9vitent de commettre le mal (mensonge, \u00e9go\u00efsme, vol, violence, etc.) et ils commencent \u00e0 pratiquer le Bien : l\u2019amour, le pardon, la paix, la libert\u00e9 de tous pr\u00e9jug\u00e9s et le respect de la libert\u00e9 (10\/10) des autres, l\u2019acquisition de l\u2019intelligence spirituelle (32\/5) ou intelligence du c\u0153ur \u00e9touff\u00e9e sous l\u2019exc\u00e8s d\u2019intelligence intellectuelle.<\/h5>\n<h5 style=\"padding-left: 60px;\"><span style=\"font-family: Arial, Helvetica, sans-serif;\"><span style=\"color: #000000;\">16\/ Le Christ n\u2019\u00e9coute pas les aveux des p\u00e9cheurs,<\/span><\/span><br \/>\n<span style=\"font-family: Arial, Helvetica, sans-serif;\"> <span style=\"color: #000000;\"> Il les appelle \u00e0 la p\u00e9nitence,<\/span><\/span><br \/>\n<span style=\"font-family: Arial, Helvetica, sans-serif;\"> <span style=\"color: #000000;\"> Il attend qu\u2019ils ne p\u00e8chent plus,<\/span><\/span><br \/>\n<span style=\"font-family: Arial, Helvetica, sans-serif;\"> <span style=\"color: #000000;\"> Il leur montre Ses Plaies sanglantes,<\/span><\/span><br \/>\n<span style=\"font-family: Arial, Helvetica, sans-serif;\"> <span style=\"color: #000000;\"> Ses Sarments bless\u00e9s \u00e9tendus devant eux<\/span><\/span><br \/>\n<span style=\"font-family: Arial, Helvetica, sans-serif;\"> <span style=\"color: #000000;\"> pour qu\u2019ils Les pansent,<\/span><\/span><br \/>\n<span style=\"font-family: Arial, Helvetica, sans-serif;\"> <span style=\"color: #000000;\"> pour que Mon Jour illumine le Ciel au-dessus d\u2019eux.<\/span><\/span><\/h5>\n<h5 style=\"padding-left: 90px;\">ANNOTATIONS* : Le Christ n\u2019\u00e9coute pas les aveux des p\u00e9cheurs = Le Christ du dogme des \u00e9glises n\u2019existe pas. Devient Christ ou un christ tout humain qui s\u2019est longuement astreint \u00e0 la p\u00e9nitence (30\/11, 30\/13) en mettant ses pas dans les Pas du P\u00e8re, ce qui fait de lui un Dieu (2\/12-15, 32\/2).<br \/>\nEtre fait un Dieu est une m\u00e9taphore d\u00e9signant celui ou celle qui retrouve l\u2019image positive du Cr\u00e9ateur (Gen\u00e8se 1\/27).<\/h5>\n<h5 style=\"padding-left: 60px;\">*Les annotations sont tir\u00e9es de l&rsquo;Edition 2009 de <em>La R\u00e9v\u00e9lation d&rsquo;Ar\u00e8s<\/em><\/h5>\n<p>&nbsp;<\/p>\n<hr \/>\n<h3><span style=\"color: #339966;\"><strong>9 novembre 1977,<img loading=\"lazy\" class=\"size-thumbnail wp-image-144 alignright\" src=\"http:\/\/conquete.eaubleue.org\/wp-content\/uploads\/2017\/08\/MSP-blog-1-150x150.jpg\" alt=\"\" width=\"150\" height=\"150\" \/><\/strong><strong>\u00a0\u00e0 Ar\u00e8s<br \/>\nDe la Voix de Dieu sort ces mots durant la quatri\u00e8me Th\u00e9ophanie <\/strong><\/span><\/h3>\n<p style=\"padding-left: 60px;\"><strong><span style=\"color: #000000;\">Le Livre XXX\/6<\/span><\/strong><\/p>\n<div>\n<h5 style=\"padding-left: 60px;\"><span style=\"font-family: Arial, Helvetica, sans-serif;\"><span style=\"color: #000000;\">6\/\u00a0Je n(\u2018\u00e9)l\u00e8ve pas (de force). Mon Bras (attend) au<\/span><\/span><br \/>\n<span style=\"font-family: Arial, Helvetica, sans-serif;\"> <span style=\"color: #000000;\"> bout du bras d\u2019homme; (il Le saisit s\u2019il veut).<\/span><\/span><br \/>\n<span style=\"font-family: Arial, Helvetica, sans-serif;\"> <span style=\"color: #000000;\"> 7\/ (Si) Ma Main (et) sa main tien(nen)t la houe,<\/span><\/span><br \/>\n<span style=\"font-family: Arial, Helvetica, sans-serif;\"> <span style=\"color: #000000;\"> l\u2019homme a mille ans, (et) mord encore.<\/span><\/span><br \/>\n<span style=\"font-family: Arial, Helvetica, sans-serif;\"> <span style=\"color: #000000;\"> 8\/ (Le fr\u00e8re,) il r\u00e9pand son sang, (mais) sous sa peau Ma Salive (coule).<\/span><\/span><\/h5>\n<h5 style=\"padding-left: 90px;\">Le<em> p\u00e9nitent<\/em>, le fr\u00e8re* n\u2019est pas d\u00e9pendant de la volont\u00e9 de Dieu mais parti int\u00e9grante de Sa Force \u00abQue cela soit et Cela est\u00bb. La r\u00e9alit\u00e9 de cette Force est \u00e0 retrouver au fond de soi. Et l\u2019homme saisit ce travail salutaire \u00e0 faire en lui, s\u2019il le veut. C\u2019est \u00e0 lui de d\u00e9cider. Moi, Cr\u00e9ateur, Je n\u2019\u00e9l\u00e8ve pas de force, Je n\u2019oblige pas la cr\u00e9ature \u00e0 croire en moi.<br \/>\nLa cr\u00e9ature est <em>libre (10\/10)<\/em> de son choix, mais si elle croit dans cette Parole et entre en<em> p\u00e9nitence<\/em> (8\/6, 31\/2, 33\/13) le P\u00e8re l\u2019aide dans sa difficile transformation interne (<em>ensemble, ils tiennent la houe<\/em>).<\/h5>\n<h5 style=\"padding-left: 90px;\">*Le fr\u00e8re d\u00e9signe l\u2019homme dans son devenir spirituel<\/h5>\n<hr \/>\n<\/div>\n<hr \/>\n<h3><a href=\"http:\/\/michelpotayblog.net\/jOI\/jOItv.html\" target=\"_blank\" rel=\"noopener\"><img loading=\"lazy\" class=\"alignright wp-image-125\" src=\"http:\/\/conquete.eaubleue.org\/wp-content\/uploads\/2017\/08\/en-tete_blog.jpg\" alt=\"\" width=\"309\" height=\"53\" srcset=\"https:\/\/conquete.eaubleue.org\/wp-content\/uploads\/2017\/08\/en-tete_blog.jpg 948w, https:\/\/conquete.eaubleue.org\/wp-content\/uploads\/2017\/08\/en-tete_blog-300x52.jpg 300w, https:\/\/conquete.eaubleue.org\/wp-content\/uploads\/2017\/08\/en-tete_blog-768x132.jpg 768w\" sizes=\"(max-width: 309px) 100vw, 309px\" \/><\/a><\/h3>\n<h3><span style=\"color: #339966;\"><strong>Nous sommes seuls \u00e0 pr\u00eacher la <em>p\u00e9nitence<\/em>.<\/strong><\/span><\/h3>\n<p style=\"padding-left: 60px;\"><strong>Le t\u00e9moin des Ev\u00e8nements d\u2019Ar\u00e8s, Michel Potay,\u00a0publie un blog depuis 2006. Voici un extrait\u00a0<\/strong><strong>de l&rsquo;entr\u00e9e \u00ab\u00a0urgence absolue de la p\u00e9nitence\u00a0\u00bb \/\u00a0<\/strong>michelpotayblog.net \/ page 11 (0159)<\/p>\n<p style=\"padding-left: 60px;\">Nous sommes seuls \u00e0 pr\u00eacher la <em>p\u00e9nitence<\/em>.<br \/>\nLa <em>p\u00e9nitence<\/em> est l\u2019id\u00e9e-force de<em> La R\u00e9v\u00e9lation d\u2019Ar\u00e8s<\/em> : Moi, Cr\u00e9ateur du monde et de chaque homme qu\u2019elle porte, <em>Je ne pardonne pas le p\u00e9ch\u00e9. Mon Salut n\u2019est pas au bout du Pardon (de Dieu), mais au bout de la p\u00e9nitence<\/em> (de l\u2019homme) <em>(30\/10).<\/em> <em>La V\u00e9rit\u00e9 est que le monde doit changer (28\/7).<\/em><br \/>\nL\u2019id\u00e9e que nous clamons depuis 1974 est des plus simples :<br \/>\nFr\u00e8re humain, toi et le monde sont une seule et m\u00eame vie, ton <em>salut<\/em> et le <em>salut<\/em> du monde d\u00e9pendent l\u2019un de l\u2019autre et ta part du processus est<br \/>\nTa <em>p\u00e9nitence<\/em> personnelle, qui consiste \u00e0 <em>aimer<\/em> ton prochain, <em>pardonner<\/em> les offenses, faire la paix, penser et parler avec l\u2019<em>intelligence<\/em> du c\u0153ur, \u00eatre<em> libre<\/em> de tous pr\u00e9jug\u00e9s, et<br \/>\nTa <em>moisson<\/em> d\u2019autres <em>p\u00e9nitents<\/em>, parce que l\u2019amour est un partage avec toute l\u2019humanit\u00e9.<br \/>\nNul besoin de religion, de politique, d\u2019id\u00e9ologie, de dogme. Pas de complications cach\u00e9es.<br \/>\nSeulement la <em>p\u00e9nitence<\/em> !<br \/>\n&#8230;Fr\u00e8re humain, reste catholique, protestant, juif, musulman, bouddhiste ou ath\u00e9e, mais sois <em>p\u00e9nitent, change ta vie<\/em> (30\/10-11), parce qu\u2019il faut <em>changer le monde<\/em> (28\/7) du mal en bien avant qu\u2019il ne pourrisse et ne souffre atrocement par<em> le p\u00e9ch\u00e9 des p\u00e9ch\u00e9s<\/em> (38\/2).<br \/>\nSois <em>p\u00e9nitent<\/em> m\u00eame si tu ne rejoins pas<em> le petit reste<\/em> (24\/1). <em>Le petit reste<\/em>, c\u2019est la confr\u00e9rie qui prolonge l\u2019action du proph\u00e8te, seulement des croyants centr\u00e9s sur la pratique v\u00e9cue et la propagation de <em>La R\u00e9v\u00e9lation d\u2019Ar\u00e8s<\/em>.<br \/>\n&#8230;Nul doute. Il existe des voies \u00abd\u2019\u00e9veil\u00bb ou de \u00ablib\u00e9ration\u00bb hors de la religion ou de l\u2019\u00e9thique, pour passer d\u2019un \u00e9tat d\u2019\u00eatre \u00e0 un autre \u00e9tat d\u2019\u00eatre. Mais Dieu par <em>La R\u00e9v\u00e9lation d\u2019Ar\u00e8s<\/em> n\u2019appelle pas au <em>salut<\/em> personnel par des chemins qui ne concernent que les rares capables de les suivre. Il appelle \u00e0 la <em>Vie<\/em> spirituelle et au <em>Salut<\/em> universels : <em>La V\u00e9rit\u00e9, c\u2019est que le monde doit changer<\/em> (28\/7). Le monde ! Avec d\u2019autres mots Dieu reprend le <em>Sermon sur la Montagne de J\u00e9sus<\/em> (Matthieu ch. 5 \u00e0 7) qui universalise la <em>p\u00e9nitence<\/em>, et dans ce mouvement m\u00eame <em>le petit reste<\/em> de <em>p\u00e9nitents<\/em> n\u2019est pas un nec plus ultra promis \u00e0 une eschatologie privil\u00e9gi\u00e9e, mais seulement un rassemblement de fr\u00e8res et s\u0153urs particuli\u00e8rement d\u00e9vou\u00e9s et actifs. L\u2019objectif est des plus simples\u00a0: L\u2019humanit\u00e9 ne se sauvera jamais par la religion, la politique, la loi, mais par la <em>bont\u00e9<\/em> d\u2019un grand nombre d\u2019humains.<\/p>\n","protected":false},"excerpt":{"rendered":"<p>L&rsquo;appel de\u00a0La R\u00e9v\u00e9lation d&rsquo;Ar\u00e8s en un mot : p\u00e9nitence (ou bonification) A Ar\u00e8s, en 1974 J\u00e9sus parle de\u00a0p\u00e9nitence mais Il ne donne pas du tout \u00e0 p\u00e9nitence le sens de remords, punition, ch\u00e2timent, privation ou aust\u00e9rit\u00e9, que lui ont donn\u00e9 la religion et la loi. Il donne \u00e0 p\u00e9nitence le sens de joie et f\u00eate\u00a0&#8211; &hellip; <\/p>\n<p><a class=\"more-link block-button\" href=\"https:\/\/conquete.eaubleue.org\/?page_id=92\">Continuer \u00e0 lire\u00a0\u00bb<\/a><\/p>\n","protected":false},"author":1,"featured_media":2276,"parent":31,"menu_order":2,"comment_status":"closed","ping_status":"closed","template":"template-twocolumnsleft.php","meta":[],"_links":{"self":[{"href":"https:\/\/conquete.eaubleue.org\/index.php?rest_route=\/wp\/v2\/pages\/92"}],"collection":[{"href":"https:\/\/conquete.eaubleue.org\/index.php?rest_route=\/wp\/v2\/pages"}],"about":[{"href":"https:\/\/conquete.eaubleue.org\/index.php?rest_route=\/wp\/v2\/types\/page"}],"author":[{"embeddable":true,"href":"https:\/\/conquete.eaubleue.org\/index.php?rest_route=\/wp\/v2\/users\/1"}],"replies":[{"embeddable":true,"href":"https:\/\/conquete.eaubleue.org\/index.php?rest_route=%2Fwp%2Fv2%2Fcomments&post=92"}],"version-history":[{"count":130,"href":"https:\/\/conquete.eaubleue.org\/index.php?rest_route=\/wp\/v2\/pages\/92\/revisions"}],"predecessor-version":[{"id":2515,"href":"https:\/\/conquete.eaubleue.org\/index.php?rest_route=\/wp\/v2\/pages\/92\/revisions\/2515"}],"up":[{"embeddable":true,"href":"https:\/\/conquete.eaubleue.org\/index.php?rest_route=\/wp\/v2\/pages\/31"}],"wp:featuredmedia":[{"embeddable":true,"href":"https:\/\/conquete.eaubleue.org\/index.php?rest_route=\/wp\/v2\/media\/2276"}],"wp:attachment":[{"href":"https:\/\/conquete.eaubleue.org\/index.php?rest_route=%2Fwp%2Fv2%2Fmedia&parent=92"}],"curies":[{"name":"wp","href":"https:\/\/api.w.org\/{rel}","templated":true}]}}