{"id":945,"date":"2017-08-19T09:58:18","date_gmt":"2017-08-19T09:58:18","guid":{"rendered":"http:\/\/conquete.eaubleue.org\/?page_id=945"},"modified":"2017-11-15T14:32:23","modified_gmt":"2017-11-15T14:32:23","slug":"sermon-sur-la-montagne","status":"publish","type":"page","link":"https:\/\/conquete.eaubleue.org\/?page_id=945","title":{"rendered":"Le Sermon sur la Montagne"},"content":{"rendered":"<p><img loading=\"lazy\" class=\"alignright wp-image-129 \" src=\"http:\/\/conquete.eaubleue.org\/wp-content\/uploads\/2017\/08\/Jesus_MountSt-Catherine_Icon_Sinai.jpg\" alt=\"\" width=\"120\" height=\"224\" srcset=\"https:\/\/conquete.eaubleue.org\/wp-content\/uploads\/2017\/08\/Jesus_MountSt-Catherine_Icon_Sinai.jpg 188w, https:\/\/conquete.eaubleue.org\/wp-content\/uploads\/2017\/08\/Jesus_MountSt-Catherine_Icon_Sinai-161x300.jpg 161w\" sizes=\"(max-width: 120px) 100vw, 120px\" \/>Dans ce texte tir\u00e9 de la Bible (traduction oecum\u00e9nique), les italiques sont des versets extraits de <em>La R\u00e9v\u00e9lation d\u2019Ar\u00e8s.<\/em><\/p>\n<h2><strong>A la vue des foules, J\u00e9sus monta dans la montagne.<br \/>\nIl s\u2019assit, et ses disciples s\u2019approch\u00e8rent de lui. Et, prenant la parole il les enseignait :<\/strong><\/h2>\n<h2><span style=\"color: #ff390d;\"><strong>ch.5<\/strong><\/span><\/h2>\n<p><span style=\"color: #ff390d;\"><strong>Les b\u00e9atitudes<\/strong><\/span><\/p>\n<p style=\"padding-left: 60px;\">\u00abHeureuses les \u00e2mes d\u00e9pouill\u00e9es, le Royaume des Cieux est \u00e0 elles !<br \/>\nHeureux les r\u00e9fl\u00e9chis, ils h\u00e9riteront la terre !<br \/>\nHeureux les c\u0153urs graves, ils retrouveront la joie !<br \/>\nHeureux ceux qui ont faim et soif de justice, ils seront rassasi\u00e9s !<br \/>\nHeureux les mis\u00e9ricordieux, il leur sera fait mis\u00e9ricorde !<br \/>\nHeureux les incorrompus, ils verront Dieu !<br \/>\nHeureux les r\u00e9conciliateurs, ils seront appel\u00e9s fils de Dieu !<br \/>\nHeureux ceux pers\u00e9cut\u00e9s parce qu\u2019ils montrent la Voie,<br \/>\nle Royaume des Cieux est \u00e0 eux !<br \/>\nHeureux ceux insult\u00e9s, pers\u00e9cut\u00e9s et calomni\u00e9s, parce qu\u2019ils proclament la v\u00e9rit\u00e9 !<br \/>\nSoyez dans la joie et exultez,<br \/>\nvotre r\u00e9compense est dans les Hauteurs.<br \/>\nDe m\u00eame furent pers\u00e9cut\u00e9s les proph\u00e8tes et ceux \u00e0 qui l\u2019on a fait ha\u00efr Dieu.<br \/>\n<em>Heureux sont-ils parce qu\u2019ils ont \u00e9t\u00e9 scandalis\u00e9s !<\/em><br \/>\n<em> Heureux sont-ils parce qu\u2019ils ont \u00e9t\u00e9 dignement pauvres<\/em><br \/>\n<em> et qu\u2019ils deviendront riches de toute la terre !<\/em><br \/>\n<em> Heureux sont-ils parce que leurs p\u00e8res sont morts esclaves\u00a0<\/em><em>et que leurs os sont aujourd\u2019hui consol\u00e9 !<\/em><br \/>\n<em> Heureux sont-ils parce la faim et l\u2019injustice les enserraient\u00a0<\/em><em>et qu\u2019ils vivront justifi\u00e9s et rassasi\u00e9s.<\/em><br \/>\n<em> Heureux- sont-ils \u00e0 cause de leurs vertus parce\u00a0<\/em><em>qu\u2019ils conna\u00eetront Dieu !<\/em><br \/>\n<em> Heureux sont-ils parce qu\u2019ils aiment leurs fr\u00e8res,\u00a0<\/em><em>qu\u2019ils font la paix avec eux !<\/em><br \/>\n<em> Heureux sont-ils parce qu\u2019ils distribuent entre tous Mon H\u00e9ritage<\/em> !\u00bb<\/p>\n<p><span style=\"color: #ff390d;\"><strong>Le sel et la lumi\u00e8re<\/strong><\/span><\/p>\n<p style=\"padding-left: 60px;\">\u00ab Vous \u00eates le sel de la terre. Si le sel perd sa saveur, comment redeviendra-t-il du sel ?<br \/>\nil ne vaut plus rien ; on le jette dehors et il est foul\u00e9 aux pieds par les hommes.<br \/>\nVous \u00eates la lumi\u00e8re du monde. Une ville situ\u00e9e sur une hauteur ne peut \u00eatre cach\u00e9e.<br \/>\nQuand on allume une lampe, ce n\u2019est pas pour la mettre sous le boisseau, mais sur son support et elle brille pour tous ceux qui sont dans la maison.<br \/>\nDe m\u00eame, que votre lumi\u00e8re brille aux yeux des hommes, pour qu\u2019en voyant vos bonnes actions ils rendent gloire \u00e0 votre P\u00e8re Qui est aux Cieux. \u00bb<br \/>\n\u00ab N\u2019allez pas croire que je sois venu abroger la Loi ou les proph\u00e8tes : je ne puis pas venu abroger, mais accomplir. Car, en v\u00e9rit\u00e9, je vous le d\u00e9clare, avant que ne passent le ciel et la terre par un \u00ab i \u00bb, pas un point sur l\u2019\u00ab i \u00bb ne passera de la loi, que tout ne soit arriv\u00e9.<br \/>\nD\u00e8s lors celui qui transgressera un seul de ces plus petits commandements et enseignera aux hommes \u00e0 faire de m\u00eame sera d\u00e9clar\u00e9 le plus petit dans le Royaume des Cieux, au contraire, celui qui les mettra en pratique et les enseignera, celui-l\u00e0 sera d\u00e9clar\u00e9 grand dans le Royaume des Cieux. Car je vous le dis : si votre justice ne surpasse pas celle des scribes et des pharisiens, non, vous n\u2019entrerez pas dans le Royaume des Cieux. \u00bb<\/p>\n<p><span style=\"color: #ff390d;\"><strong>Meurtre et r\u00e9conciliation<\/strong><\/span><\/p>\n<p style=\"padding-left: 60px;\">\u00ab Vous avez appris qu\u2019il a \u00e9t\u00e9 dit aux anciens : tu ne commettras pas de meurtre ; celui qui commettra un meurtre en r\u00e9pondra au tribunal.<br \/>\nEt moi je vous dis : quiconque se met en col\u00e8re contre son fr\u00e8re en r\u00e9pondra au tribunal ; celui qui dira \u00e0 son fr\u00e8re \u00ab imb\u00e9cile \u00bb sera justiciable du Sanh\u00e9drin ;<br \/>\ncelui qui dira \u00ab fou \u00bb sera passible de la g\u00e9henne de feu.<br \/>\nQuand donc tu vas pr\u00e9senter ton offrande \u00e0 l\u2019autel, si l\u00e0 tu te souviens que ton fr\u00e8re a quelque chose contre toi, laisse l\u00e0 ton offrande, et va d\u2019abord te r\u00e9concilier avec ton fr\u00e8re ; viens alors pr\u00e9senter ton offrande.<br \/>\nMets-toi vite d\u2019accord avec ton adversaire tant que tu es encore en chemin avec lui, de peur que cet adversaire ne te livre au juge, le juge au gendarme, et que tu ne sois jet\u00e9 en prison.<br \/>\nEn v\u00e9rit\u00e9, je te le d\u00e9clare : tu n\u2019en sortiras pas tant que tu n\u2019auras pas pay\u00e9 jusqu\u2019au dernier centime. \u00bb<\/p>\n<p><span style=\"color: #ff390d;\"><strong>Adult\u00e8re et scandale<\/strong><\/span><\/p>\n<p style=\"padding-left: 60px;\">\u00ab Vous avez appris qu\u2019il a \u00e9t\u00e9 dit : tu ne commettras pas d\u2019adult\u00e8re. Et moi, je vous dis : quiconque regarde une femme avec convoitise a d\u00e9j\u00e0, dans son c\u0153ur, commis l\u2019adult\u00e8re avec elle.<br \/>\nSi ton \u0153il droit entra\u00eene ta chute, arrache-le et jette-le loin de toi, car il est pr\u00e9f\u00e9rable pour toi que p\u00e9risse un seul de tes membres et que ton corps tout entier ne soit pas jet\u00e9 dans la g\u00e9henne.<br \/>\nEt si ta main droite entra\u00eene ta chute, coupe-la et jette-la loin de toi car il est pr\u00e9f\u00e9rable pour toi que p\u00e9risse un seul de tes membres et que ton corps tout entier ne s\u2019en aille pas dans la g\u00e9henne. \u00bb<\/p>\n<p><span style=\"color: #ff390d;\"><strong>La r\u00e9pudiation<\/strong><\/span><\/p>\n<p style=\"padding-left: 60px;\">\u00ab D\u2019autre part il a \u00e9t\u00e9 dit : si quelqu\u2019un r\u00e9pudie sa femme, qu\u2019il lui remettre un certificat de r\u00e9pudiation. Et moi je vous dis quiconque r\u00e9pudie sa femme sauf en cas d\u2019union ill\u00e9gale la pousse \u00e0 l\u2019adult\u00e8re. Si quelqu\u2019un l\u2019\u00e9pouse, il est adult\u00e8re.<\/p>\n<p><span style=\"color: #ff390d;\"><strong>Le Serment<\/strong><\/span><\/p>\n<p style=\"padding-left: 60px;\">\u00ab Vous avez encore appris qu\u2019il a \u00e9t\u00e9 dit aux anciens : tu ne parjureras pas, mais tu t\u2019acquitteras envers le Seigneur de tes serments. Et moi je vous dis de ne pas jurer du tout ni par le Ciel car c\u2019est le Tr\u00f4ne de Dieu, ni par la terre car c\u2019est l\u2019Escabeau de Ses Pieds, ni par J\u00e9rusalem car c\u2019est la ville du grand Roi. Ne jure pas non plus par ta t\u00eate, car tu ne peux en rendre un seul cheveu blanc ou noir. Quand vous parlez dites : \u00ab oui \u00bb ou \u00ab non \u00bb tout le reste vient du malin. \u00bb<\/p>\n<p><span style=\"color: #ff390d;\"><strong>Le talion<\/strong><\/span><\/p>\n<p style=\"padding-left: 60px;\">\u00ab Vous avez appris qu\u2019il a \u00e9t\u00e9 dit : \u00ab \u0153il pour \u0153il et dent pour dent \u00bb. Et moi, je vous dis de ne pas r\u00e9sister au m\u00e9chant. Au contraire, si quelqu\u2019un te gifle sur la joue droite, tends-lui aussi l\u2019autre.<br \/>\nA qui veut te mener devant le juge pour prendre ta tunique, laisse aussi ton manteau.<br \/>\nSi quelqu\u2019un te force \u00e0 faire mille pas, fais-en deux mille avec lui.<br \/>\nA qui te demande, donne ; \u00e0 qui veut t\u2019emprunter, ne tourne pas le dos. \u00bb<\/p>\n<p><span style=\"color: #ff390d;\"><strong>L\u2019amour des ennemis<\/strong><\/span><\/p>\n<p style=\"padding-left: 60px;\">\u00ab Vous avez appris qu\u2019il \u00e9t\u00e9 dit : tu aimeras ton prochain et tu ha\u00efras ton ennemi.<br \/>\nEt moi, je vous dis : aimez vos ennemis et priez pour ceux qui vous pers\u00e9cutent, afin d\u2019\u00eatre vraiment les fils de votre P\u00e8re Qui est aux Cieux, car il fait lever son soleil sur les m\u00e9chants et sur les bons, et tomber la pluie sur les justes et les injustes.<br \/>\nCar si vous aimez ceux qui vous aiment, quelle r\u00e9compense allez-vous en avoir ? Les collecteurs d\u2019imp\u00f4ts eux-m\u00eames n\u2019en font-ils pas autant ?<br \/>\nEt si vous saluez seulement vos fr\u00e8res, que faites-vous d\u2019extraordinaire ? Les pa\u00efens n\u2019en font-ils pas autant ?<br \/>\nVous donc, vous serez parfaits comme votre P\u00e8re c\u00e9leste est parfait. \u00bb<\/p>\n<h2><span style=\"color: #ff390d;\"><strong>ch.6<\/strong><\/span><\/h2>\n<p><span style=\"color: #ff390d;\"><strong>L\u2019aum\u00f4ne<\/strong><\/span><\/p>\n<p style=\"padding-left: 60px;\">\u00ab Gardez-vous de pratiquer votre religion devant les hommes pour attirer les regards ; sinon pas de r\u00e9compense pour vous aupr\u00e8s de votre P\u00e8re Qui est aux Cieux.<br \/>\nQuand donc tu fais l\u2019aum\u00f4ne, ne le fais pas claironner devant toi, comme font les hypocrites dans les synagogues et dans les rues, en vue de la gloire qui vient des hommes.<br \/>\nEn v\u00e9rit\u00e9, je vous le d\u00e9clare : ils ont re\u00e7u leur r\u00e9compense. \u00bb<\/p>\n<p><span style=\"color: #ff390d;\"><strong>La pri\u00e8re<\/strong><\/span><\/p>\n<p style=\"padding-left: 60px;\">\u00ab Et quand vous priez, ne soyez pas comme les hypocrites qui aiment faire leurs pri\u00e8res debout dans les synagogues et les carrefours, afin d\u2019\u00eatre vus des hommes.<br \/>\nEn v\u00e9rit\u00e9, je vous le d\u00e9clare : ils ont re\u00e7u leur r\u00e9compense.<br \/>\nPour toi, quand tu veux prier, entre dans ta chambre la plus retir\u00e9e, verrouille ta porte et adresse ta pri\u00e8re \u00e0 ton P\u00e8re Qui est l\u00e0 dans le secret. Et ton p\u00e8re qui voit dans le secret, te le rendra.<br \/>\nQuand vous priez, ne rab\u00e2chez pas comme les pa\u00efens, ils s\u2019imaginent que c\u2019est \u00e0 force de paroles qu\u2019ils se feront exaucer. Ne leur ressemblez donc pas, car votre P\u00e8re sait ce dont vous avez besoin, avant que vous le Lui demandiez. \u00bb<\/p>\n<p><a href=\"http:\/\/conquete.eaubleue.org\/?page_id=706\"><span style=\"color: #ff390d;\"><strong>Pri\u00e8re du p\u00e9cheur<em> P\u00e8re de l\u2019Univers<\/em><\/strong><\/span><\/a><\/p>\n<p style=\"padding-left: 60px;\">\u00ab Trois fois le jour une fois, la nuit, le p\u00e9cheur priera comme Je le prescris.<\/p>\n<p style=\"padding-left: 90px;\">P\u00e8re de l\u2019Univers,<br \/>\nToi seul es Saint !<br \/>\nQue r\u00e8gne sur nous Ta Saintet\u00e9<br \/>\npour que nous fassions Ta Volont\u00e9,<br \/>\npour que nous recevions notre nourriture,<br \/>\npour que nous puissions pardonner<br \/>\net recevoir pardon,<br \/>\npour que nous r\u00e9sistions aux tentations<br \/>\net que soit abattu le malin,<br \/>\npour que r\u00e8gnent \u00e0 jamais sur nous<br \/>\nTa Saintet\u00e9, Ta Puissance et Ta Lumi\u00e8re !<\/p>\n<p style=\"padding-left: 60px;\">En effet si vous pardonnez aux hommes leurs fautes,<br \/>\nvotre P\u00e8re c\u00e9leste vous pardonnera \u00e0 vous aussi,<br \/>\nmais si vous ne pardonnez pas aux hommes,<br \/>\nvotre P\u00e8re non plus ne vous pardonnera pas vos fautes. \u00bb<\/p>\n<p><span style=\"color: #ff390d;\"><strong>Le je\u00fbne<\/strong><\/span><\/p>\n<p style=\"padding-left: 60px;\">\u00ab Quand vous je\u00fbnez, ne prenez pas un air sombre, comme font les hypocrites, ils prennent une mine d\u00e9faite pour bien montrer aux hommes qu\u2019ils je\u00fbnent.<br \/>\nEn v\u00e9rit\u00e9, je vous le d\u00e9clare; ils re\u00e7u leur r\u00e9compense.<br \/>\nPour toi, quand tu je\u00fbnes, parfume-toi la t\u00eate et lave-toi le visage, pour ne pas montrer aux hommes que tu je\u00fbnes, mais seulement \u00e0 ton P\u00e8re Qui est l\u00e0 dans le secret, et Ton P\u00e8re qui voit dans le secret te le rendra. \u00bb<\/p>\n<p><span style=\"color: #ff390d;\"><strong>Le Tr\u00e9sor dans le Ciel<\/strong><\/span><\/p>\n<p style=\"padding-left: 60px;\">\u00ab Ne vous amassez pas de tr\u00e9sors sur la terre, o\u00f9 les mites et les vers font tout dispara\u00eetre, o\u00f9 les voleurs percent les murs et d\u00e9robent.<br \/>\nMais amassez-vous des tr\u00e9sors dans le Ciel, o\u00f9 ni les mites ni les vers ne font de ravages, o\u00f9 les voleurs ne percent ni ne d\u00e9robent. Car o\u00f9 est ton tr\u00e9sor, l\u00e0 aussi sera ton c\u0153ur. \u00bb<\/p>\n<p><span style=\"color: #ff390d;\"><strong>La lampe du corps<\/strong><\/span><\/p>\n<p style=\"padding-left: 60px;\">\u00ab La lampe du corps, c\u2019est l\u2019\u0153il.<br \/>\nSi donc ton \u0153il est sain, ton corps tout entier sera dans la lumi\u00e8re.<br \/>\nMais si ton \u0153il est malade, ton corps tout entier sera dans les t\u00e9n\u00e8bres. Si donc la lumi\u00e8re qui est en toi est t\u00e9n\u00e8bres, quelles t\u00e9n\u00e8bres ! \u00bb<\/p>\n<p><span style=\"color: #ff390d;\"><strong>Ou Dieu, ou l\u2019argent<\/strong><\/span><\/p>\n<p style=\"padding-left: 60px;\">Nul ne peut servir deux ma\u00eetres : ou bien il ha\u00efra l\u2019un et aimera l\u2019autre, ou bien il s\u2019attachera \u00e0 l\u2019un et m\u00e9prisera l\u2019autre. Vous ne pouvez servir Dieu et l\u2019argent. \u00bb<\/p>\n<p><span style=\"color: #ff390d;\"><strong>Les soucis<\/strong><\/span><\/p>\n<p style=\"padding-left: 60px;\">\u00ab Voil\u00e0 pourquoi je vous dis : ne vous inqui\u00e9tez pour votre vie de ce que vous mangerez, ni pour votre corps de quoi vous le v\u00eatirez. La vie n\u2019est-elle pas plus que la nourriture et le corps plus que le v\u00eatement ?<br \/>\nRegardez les oiseaux du ciel : ils ne s\u00e8ment ni ne moissonnent, ils n\u2019amassent point dans des greniers et votre P\u00e8re c\u00e9leste les nourrit ! Ne valez-vous pas beaucoup plus qu\u2019eux ?<br \/>\nEt qui d\u2019entre vous peut, par son inqui\u00e9tude, prolonger tant soit peu son existence ? Et du v\u00eatement, pourquoi vous inqui\u00e9ter ? Observez les lis des champs, comme ils croissent, ils ne peinent ni ne filent, et je vous le dis, Salomon lui-m\u00eame, dans toute sa gloire, n\u2019a jamais \u00e9t\u00e9 v\u00eatu comme l\u2019un d\u2019eux !<br \/>\nSi Dieu habille ainsi l\u2019herbe des champs, qui est l\u00e0 aujourd\u2019hui et qui demain sera jet\u00e9e au feu ne fera t-il pas bien plus pour vous, gens de peu de foi ! Ne vous inqui\u00e9tez donc pas en disant :\u00ab qu\u2019allons-nous manger ? qu\u2019allons-nous boire ? de quoi allons-nous nous v\u00eatir ? tout cela, les pa\u00efens le recherchent sans r\u00e9pit &#8211; Il sait bien, votre P\u00e8re c\u00e9leste que vous avez besoin de toutes ces choses. Cherchez d\u2019abord le Royaume et la justice de Dieu, et tout cela vous sera donn\u00e9 par surcro\u00eet. Ne vous inqui\u00e9tez donc pas pour le lendemain, le lendemain s\u2019inqui\u00e9tera de lui-m\u00eame. \u00e0 chaque jour suffit sa peine. \u00bb<\/p>\n<h2><span style=\"color: #ff390d;\"><strong>ch.7<\/strong><\/span><\/h2>\n<p><span style=\"color: #ff390d;\"><strong>La paille et la poutre<\/strong><\/span><\/p>\n<p style=\"padding-left: 60px;\">\u00ab Ne vous posez pas en juges, afin de n\u2019\u00eatre pas jug\u00e9s, car c\u2019est de la fa\u00e7on dont vous jugez qu\u2019on vous jugera, et c\u2019est la mesure dont vous vous servez qui servira de mesure pour vous. Qu\u2019as-tu \u00e0 regarder la paille qui est dans l\u2019\u0153il de ton fr\u00e8re ? Et la poutre qui est dans ton \u0153il, tu ne la remarques pas ? Ou bien, comment vas-tu dire \u00e0 ton fr\u00e8re : \u00ab Attends ! que j\u2019\u00f4te la paille de ton \u0153il \u00bb seulement voil\u00e0 : la poutre est dans ton \u0153il, homme au jugement perverti, \u00f4te d\u2019abord la poutre de ton \u0153il, et alors tu verras clair pour \u00f4ter la paille de l\u2019\u0153il de ton fr\u00e8re ! \u00bb<\/p>\n<p><span style=\"color: #ff390d;\"><strong>Les perles aux pourceaux<\/strong><\/span><\/p>\n<p style=\"padding-left: 60px;\">\u00ab Ne donnez pas aux chiens ce qui est sacr\u00e9, ne jetez pas vos perles aux porcs, de peur qu\u2019ils ne les pi\u00e9tinent et que, se retournant, ils ne vous d\u00e9chirent. \u00bb<\/p>\n<p><span style=\"color: #ff390d;\"><strong>Prier le P\u00e8re<\/strong><\/span><\/p>\n<p style=\"padding-left: 60px;\">\u00ab Demandez, on vous donnera, cherchez vous trouverez, frappez on vous ouvrira. En effet quiconque demande re\u00e7oit, qui cherche trouve, \u00e0 qui frappe on ouvrira.<br \/>\nOu encore, qui d\u2019entre vous, si son fils lui demande du pain, lui donnera une pierre ? Ou s\u2019il demande un poisson, lui donnera t-il un serpent ? Si donc vous, qui \u00eates mauvais, savez donner de bonnes choses \u00e0 vos enfants, combien plus votre P\u00e8re Qui est aux Cieux, donnera t-Il de bonnes choses \u00e0 ceux qui le Lui demandent. \u00bb<\/p>\n<p><span style=\"color: #ff390d;\"><strong>Autrui<\/strong><\/span><\/p>\n<p style=\"padding-left: 60px;\">\u00ab Ainsi, tout ce que vous voulez que les hommes fassent pour vous, faites-le vous-m\u00eames pour eux, c\u2019est la Loi et les Proph\u00e8tes. \u00bb<\/p>\n<p><span style=\"color: #ff390d;\"><strong>Les deux voies<\/strong><\/span><\/p>\n<p style=\"padding-left: 60px;\">\u00ab Entrez par la porte \u00e9troite. Large est la porte et spacieux le chemin qui m\u00e8ne \u00e0 la perdition, et nombreux ceux qui s\u2019y engagent ; combien \u00e9troite est la porte et resserr\u00e9 le chemin qui m\u00e8ne \u00e0 la vie, et peu nombreux ceux qui le trouvent. \u00bb<\/p>\n<p><span style=\"color: #ff390d;\"><strong>Tel arbre, tels fruits<\/strong><\/span><\/p>\n<p style=\"padding-left: 60px;\">\u00ab Gardez-vous des faux proph\u00e8tes qui viennent \u00e0 vous v\u00eatus en brebis mais qui au-dedans sont des loups rapaces. C\u2019est \u00e0 leurs fruits que vous les reconna\u00eetrez. Cueille t-on des raisins sur un buisson d\u2019\u00e9pines, ou des figues sur des chardons ? Ainsi tout bon arbre produit de bons fruits, mais l\u2019arbre malade produit de mauvais fruits. Un bon arbre ne peut pas porter de mauvais fruits, ni un arbre malade porter de bons fruits.<br \/>\nTout arbre qui ne produit pas un bon fruit, on le coupe et on le jette au feu. Ainsi donc, c\u2019est \u00e0 leurs fruits que vous les reconna\u00eetrez. \u00bb<\/p>\n<p><span style=\"color: #ff390d;\"><strong>Les vrais disciples<\/strong><\/span><\/p>\n<p style=\"padding-left: 60px;\">\u00ab Il ne suffit pas de dire : \u00ab Seigneur, Seigneur ! \u00bb pour entrer dans le Royaume des Cieux, il faut faire la volont\u00e9 de mon P\u00e8re qui est aux Cieux. Beaucoup me diront en ce jour-l\u00e0 : \u00ab Seigneur, Seigneur ! n\u2019est-ce pas en ton nom que nous avons proph\u00e9tis\u00e9 ? en ton nom que nous avons chass\u00e9 les d\u00e9mons ? en ton nom que nous avons fait de nombreux miracles ? \u00bb<br \/>\nAlors je leur d\u00e9clarerai : \u00ab Je ne vous ai jamais connus, \u00e9cartez-vous de moi, vous qui commettez l\u2019iniquit\u00e9 ! \u00bb.<\/p>\n<p><span style=\"color: #ff390d;\"><strong>B\u00e2tir sur le roc<\/strong><\/span><\/p>\n<p style=\"padding-left: 60px;\">\u00ab Ainsi tout homme qui entend les paroles que je viens de dire et les met en pratique, peut \u00eatre compar\u00e9 \u00e0 un homme avis\u00e9 qui a b\u00e2ti sa maison sur le roc.<br \/>\nLa pluie est tomb\u00e9e, les torrents sont venus, les vents ont souffl\u00e9, ils se sont pr\u00e9cipit\u00e9s contre cette maison et elle ne s\u2019est pas \u00e9croul\u00e9e, car ses fondations \u00e9taient sur le roc.<br \/>\nEt tout homme qui entend les paroles que je viens de dire et ne les met pas en pratique peut \u00eatre compar\u00e9 \u00e0 un homme insens\u00e9 qui a b\u00e2ti sa maison sur le sable.<\/p>\n","protected":false},"excerpt":{"rendered":"<p>Dans ce texte tir\u00e9 de la Bible (traduction oecum\u00e9nique), les italiques sont des versets extraits de La R\u00e9v\u00e9lation d\u2019Ar\u00e8s. A la vue des foules, J\u00e9sus monta dans la montagne. Il s\u2019assit, et ses disciples s\u2019approch\u00e8rent de lui. Et, prenant la parole il les enseignait : ch.5 Les b\u00e9atitudes \u00abHeureuses les \u00e2mes d\u00e9pouill\u00e9es, le Royaume des &hellip; <\/p>\n<p><a class=\"more-link block-button\" href=\"https:\/\/conquete.eaubleue.org\/?page_id=945\">Continuer \u00e0 lire\u00a0\u00bb<\/a><\/p>\n","protected":false},"author":1,"featured_media":2287,"parent":31,"menu_order":9,"comment_status":"closed","ping_status":"closed","template":"template-twocolumnsleft.php","meta":[],"_links":{"self":[{"href":"https:\/\/conquete.eaubleue.org\/index.php?rest_route=\/wp\/v2\/pages\/945"}],"collection":[{"href":"https:\/\/conquete.eaubleue.org\/index.php?rest_route=\/wp\/v2\/pages"}],"about":[{"href":"https:\/\/conquete.eaubleue.org\/index.php?rest_route=\/wp\/v2\/types\/page"}],"author":[{"embeddable":true,"href":"https:\/\/conquete.eaubleue.org\/index.php?rest_route=\/wp\/v2\/users\/1"}],"replies":[{"embeddable":true,"href":"https:\/\/conquete.eaubleue.org\/index.php?rest_route=%2Fwp%2Fv2%2Fcomments&post=945"}],"version-history":[{"count":17,"href":"https:\/\/conquete.eaubleue.org\/index.php?rest_route=\/wp\/v2\/pages\/945\/revisions"}],"predecessor-version":[{"id":2288,"href":"https:\/\/conquete.eaubleue.org\/index.php?rest_route=\/wp\/v2\/pages\/945\/revisions\/2288"}],"up":[{"embeddable":true,"href":"https:\/\/conquete.eaubleue.org\/index.php?rest_route=\/wp\/v2\/pages\/31"}],"wp:featuredmedia":[{"embeddable":true,"href":"https:\/\/conquete.eaubleue.org\/index.php?rest_route=\/wp\/v2\/media\/2287"}],"wp:attachment":[{"href":"https:\/\/conquete.eaubleue.org\/index.php?rest_route=%2Fwp%2Fv2%2Fmedia&parent=945"}],"curies":[{"name":"wp","href":"https:\/\/api.w.org\/{rel}","templated":true}]}}